{"id":851,"date":"2015-12-14T09:15:51","date_gmt":"2015-12-14T08:15:51","guid":{"rendered":"http:\/\/womans-secret.com\/produkt\/diamond-silk-lashes-darkbrown\/"},"modified":"2024-12-11T13:15:37","modified_gmt":"2024-12-11T12:15:37","slug":"darkbrown-diamond-lashes-mixed","status":"publish","type":"product","link":"https:\/\/www.womans-secret-shop.com\/shop\/produkt\/wimpern\/silk\/dark-brown-diamond-lashes\/darkbrown-diamond-lashes-mixed\/","title":{"rendered":"Dark Brown Diamond Lashes MIX"},"content":{"rendered":"<p>Diamond Silk Lashes Dark Brownn MIX<\/p>\n<p>Bei Diamond Silk Lashes handelt es sich um seidige Synthetik Wimpern die weicher als Mink Lashes sind.<br \/>\nDie Wimpern haben eine seidig-gl\u00e4nzende Struktur.<br \/>\nKein Echthaar.<\/p>\n<p>Sind sehr viel leichter als andere Wimpern.Perfekte Wimpern f\u00fcr Volumemethode und f\u00fcr nat\u00fcrliche Effekte.<\/p>\n<p>MIX &#8211; 2x8mm 3x9mm 4x10mm 3x11mm 2x12mm 1x13mm 1x14mm<\/p>\n<p>MIX2 &#8211; 2x6mm 2x8mm 4x10mm 2x11mm 1x13mm 2x14mm<\/p>\n<p>Sehr feine Einzelwimpern f\u00fcr eine professionelle Wimpernverl\u00e4ngerung &amp; Verdichtung<\/p>\n","protected":false},"excerpt":{"rendered":"<p>MIX &#8211; 2x8mm 3x9mm 4x10mm 3x11mm 2x12mm 1x13mm 1x14mm<\/p>\n<p>Farbe: Dunkel Brown<\/p>\n","protected":false},"featured_media":3033,"comment_status":"open","ping_status":"closed","template":"","meta":[],"product_cat":[24,27],"product_tag":[],"yoast_head":"<!-- This site is optimized with the Yoast SEO plugin v19.10 - https:\/\/yoast.com\/wordpress\/plugins\/seo\/ -->\n<title>Dark Brown Diamond Lashes MIX - WOMANS-SECRET-SHOP.COM<\/title>\n<meta name=\"robots\" content=\"index, follow, max-snippet:-1, max-image-preview:large, max-video-preview:-1\" \/>\n<link rel=\"canonical\" href=\"https:\/\/www.womans-secret-shop.com\/shop\/produkt\/wimpern\/silk\/dark-brown-diamond-lashes\/darkbrown-diamond-lashes-mixed\/\" \/>\n<meta property=\"og:locale\" content=\"de_DE\" \/>\n<meta property=\"og:type\" content=\"article\" \/>\n<meta property=\"og:title\" content=\"Dark Brown Diamond Lashes MIX - WOMANS-SECRET-SHOP.COM\" \/>\n<meta property=\"og:description\" content=\"MIX - 2x8mm 3x9mm 4x10mm 3x11mm 2x12mm 1x13mm 1x14mm  Farbe: Dunkel Brown\" \/>\n<meta property=\"og:url\" content=\"https:\/\/www.womans-secret-shop.com\/shop\/produkt\/wimpern\/silk\/dark-brown-diamond-lashes\/darkbrown-diamond-lashes-mixed\/\" \/>\n<meta property=\"og:site_name\" content=\"WOMANS-SECRET-SHOP.COM\" \/>\n<meta property=\"article:publisher\" content=\"https:\/\/www.facebook.com\/wsbyalicjakesik\/\" \/>\n<meta property=\"article:modified_time\" content=\"2024-12-11T12:15:37+00:00\" \/>\n<meta property=\"og:image\" content=\"https:\/\/www.womans-secret-shop.com\/shop\/wp-content\/uploads\/2021\/09\/7cc68b0c1cb9c7377272e74d4933b106_sp3gkugcdkvmj3a8jcwjktgbg.jpg\" \/>\n\t<meta property=\"og:image:width\" content=\"800\" \/>\n\t<meta property=\"og:image:height\" content=\"1067\" \/>\n\t<meta property=\"og:image:type\" content=\"image\/jpeg\" \/>\n<meta name=\"twitter:card\" content=\"summary_large_image\" \/>\n<meta name=\"twitter:label1\" content=\"Gesch\u00e4tzte Lesezeit\" \/>\n\t<meta name=\"twitter:data1\" content=\"1\u00a0Minute\" \/>\n<script type=\"application\/ld+json\" class=\"yoast-schema-graph\">{\"@context\":\"https:\/\/schema.org\",\"@graph\":[{\"@type\":\"WebPage\",\"@id\":\"https:\/\/www.womans-secret-shop.com\/shop\/produkt\/wimpern\/silk\/dark-brown-diamond-lashes\/darkbrown-diamond-lashes-mixed\/\",\"url\":\"https:\/\/www.womans-secret-shop.com\/shop\/produkt\/wimpern\/silk\/dark-brown-diamond-lashes\/darkbrown-diamond-lashes-mixed\/\",\"name\":\"Dark Brown Diamond Lashes MIX - WOMANS-SECRET-SHOP.COM\",\"isPartOf\":{\"@id\":\"https:\/\/www.womans-secret-shop.com\/shop\/#website\"},\"datePublished\":\"2015-12-14T08:15:51+00:00\",\"dateModified\":\"2024-12-11T12:15:37+00:00\",\"breadcrumb\":{\"@id\":\"https:\/\/www.womans-secret-shop.com\/shop\/produkt\/wimpern\/silk\/dark-brown-diamond-lashes\/darkbrown-diamond-lashes-mixed\/#breadcrumb\"},\"inLanguage\":\"de\",\"potentialAction\":[{\"@type\":\"ReadAction\",\"target\":[\"https:\/\/www.womans-secret-shop.com\/shop\/produkt\/wimpern\/silk\/dark-brown-diamond-lashes\/darkbrown-diamond-lashes-mixed\/\"]}]},{\"@type\":\"BreadcrumbList\",\"@id\":\"https:\/\/www.womans-secret-shop.com\/shop\/produkt\/wimpern\/silk\/dark-brown-diamond-lashes\/darkbrown-diamond-lashes-mixed\/#breadcrumb\",\"itemListElement\":[{\"@type\":\"ListItem\",\"position\":1,\"name\":\"Startseite\",\"item\":\"https:\/\/www.womans-secret-shop.com\/shop\/\"},{\"@type\":\"ListItem\",\"position\":2,\"name\":\"ALLE PRODUKTE\",\"item\":\"https:\/\/www.womans-secret-shop.com\/shop\/alle-produkte\/\"},{\"@type\":\"ListItem\",\"position\":3,\"name\":\"Dark Brown Diamond Lashes MIX\"}]},{\"@type\":\"WebSite\",\"@id\":\"https:\/\/www.womans-secret-shop.com\/shop\/#website\",\"url\":\"https:\/\/www.womans-secret-shop.com\/shop\/\",\"name\":\"WOMANS-SECRET-SHOP.COM\",\"description\":\"Wimpern und Zubeh\u00f6r online kaufen!\",\"potentialAction\":[{\"@type\":\"SearchAction\",\"target\":{\"@type\":\"EntryPoint\",\"urlTemplate\":\"https:\/\/www.womans-secret-shop.com\/shop\/?s={search_term_string}\"},\"query-input\":\"required name=search_term_string\"}],\"inLanguage\":\"de\"}]}<\/script>\n<!-- \/ Yoast SEO plugin. -->","yoast_head_json":{"title":"Dark Brown Diamond Lashes MIX - WOMANS-SECRET-SHOP.COM","robots":{"index":"index","follow":"follow","max-snippet":"max-snippet:-1","max-image-preview":"max-image-preview:large","max-video-preview":"max-video-preview:-1"},"canonical":"https:\/\/www.womans-secret-shop.com\/shop\/produkt\/wimpern\/silk\/dark-brown-diamond-lashes\/darkbrown-diamond-lashes-mixed\/","og_locale":"de_DE","og_type":"article","og_title":"Dark Brown Diamond Lashes MIX - WOMANS-SECRET-SHOP.COM","og_description":"MIX - 2x8mm 3x9mm 4x10mm 3x11mm 2x12mm 1x13mm 1x14mm  Farbe: Dunkel Brown","og_url":"https:\/\/www.womans-secret-shop.com\/shop\/produkt\/wimpern\/silk\/dark-brown-diamond-lashes\/darkbrown-diamond-lashes-mixed\/","og_site_name":"WOMANS-SECRET-SHOP.COM","article_publisher":"https:\/\/www.facebook.com\/wsbyalicjakesik\/","article_modified_time":"2024-12-11T12:15:37+00:00","og_image":[{"width":800,"height":1067,"url":"https:\/\/www.womans-secret-shop.com\/shop\/wp-content\/uploads\/2021\/09\/7cc68b0c1cb9c7377272e74d4933b106_sp3gkugcdkvmj3a8jcwjktgbg.jpg","type":"image\/jpeg"}],"twitter_card":"summary_large_image","twitter_misc":{"Gesch\u00e4tzte Lesezeit":"1\u00a0Minute"},"schema":{"@context":"https:\/\/schema.org","@graph":[{"@type":"WebPage","@id":"https:\/\/www.womans-secret-shop.com\/shop\/produkt\/wimpern\/silk\/dark-brown-diamond-lashes\/darkbrown-diamond-lashes-mixed\/","url":"https:\/\/www.womans-secret-shop.com\/shop\/produkt\/wimpern\/silk\/dark-brown-diamond-lashes\/darkbrown-diamond-lashes-mixed\/","name":"Dark Brown Diamond Lashes MIX - WOMANS-SECRET-SHOP.COM","isPartOf":{"@id":"https:\/\/www.womans-secret-shop.com\/shop\/#website"},"datePublished":"2015-12-14T08:15:51+00:00","dateModified":"2024-12-11T12:15:37+00:00","breadcrumb":{"@id":"https:\/\/www.womans-secret-shop.com\/shop\/produkt\/wimpern\/silk\/dark-brown-diamond-lashes\/darkbrown-diamond-lashes-mixed\/#breadcrumb"},"inLanguage":"de","potentialAction":[{"@type":"ReadAction","target":["https:\/\/www.womans-secret-shop.com\/shop\/produkt\/wimpern\/silk\/dark-brown-diamond-lashes\/darkbrown-diamond-lashes-mixed\/"]}]},{"@type":"BreadcrumbList","@id":"https:\/\/www.womans-secret-shop.com\/shop\/produkt\/wimpern\/silk\/dark-brown-diamond-lashes\/darkbrown-diamond-lashes-mixed\/#breadcrumb","itemListElement":[{"@type":"ListItem","position":1,"name":"Startseite","item":"https:\/\/www.womans-secret-shop.com\/shop\/"},{"@type":"ListItem","position":2,"name":"ALLE PRODUKTE","item":"https:\/\/www.womans-secret-shop.com\/shop\/alle-produkte\/"},{"@type":"ListItem","position":3,"name":"Dark Brown Diamond Lashes MIX"}]},{"@type":"WebSite","@id":"https:\/\/www.womans-secret-shop.com\/shop\/#website","url":"https:\/\/www.womans-secret-shop.com\/shop\/","name":"WOMANS-SECRET-SHOP.COM","description":"Wimpern und Zubeh\u00f6r online kaufen!","potentialAction":[{"@type":"SearchAction","target":{"@type":"EntryPoint","urlTemplate":"https:\/\/www.womans-secret-shop.com\/shop\/?s={search_term_string}"},"query-input":"required name=search_term_string"}],"inLanguage":"de"}]}},"_links":{"self":[{"href":"https:\/\/www.womans-secret-shop.com\/shop\/wp-json\/wp\/v2\/product\/851"}],"collection":[{"href":"https:\/\/www.womans-secret-shop.com\/shop\/wp-json\/wp\/v2\/product"}],"about":[{"href":"https:\/\/www.womans-secret-shop.com\/shop\/wp-json\/wp\/v2\/types\/product"}],"replies":[{"embeddable":true,"href":"https:\/\/www.womans-secret-shop.com\/shop\/wp-json\/wp\/v2\/comments?post=851"}],"wp:featuredmedia":[{"embeddable":true,"href":"https:\/\/www.womans-secret-shop.com\/shop\/wp-json\/wp\/v2\/media\/3033"}],"wp:attachment":[{"href":"https:\/\/www.womans-secret-shop.com\/shop\/wp-json\/wp\/v2\/media?parent=851"}],"wp:term":[{"taxonomy":"product_cat","embeddable":true,"href":"https:\/\/www.womans-secret-shop.com\/shop\/wp-json\/wp\/v2\/product_cat?post=851"},{"taxonomy":"product_tag","embeddable":true,"href":"https:\/\/www.womans-secret-shop.com\/shop\/wp-json\/wp\/v2\/product_tag?post=851"}],"curies":[{"name":"wp","href":"https:\/\/api.w.org\/{rel}","templated":true}]}}