{"id":7279,"date":"2021-10-10T15:40:30","date_gmt":"2021-10-10T13:40:30","guid":{"rendered":"https:\/\/www.womans-secret-shop.com\/shop\/?post_type=product&#038;p=7279"},"modified":"2024-04-30T15:28:04","modified_gmt":"2024-04-30T13:28:04","slug":"fingerring-fuer-kleber","status":"publish","type":"product","link":"https:\/\/www.womans-secret-shop.com\/shop\/produkt\/arbeitsmaterial\/klebehalter\/fingerring-fuer-kleber\/","title":{"rendered":"Fingerring f\u00fcr Kleber"},"content":{"rendered":"<p>Eleganter Fingerring\/Kristallring als Arbeitsunterlage f\u00fcr Ihren Profi-Kleber <\/p>\n<p>Praktischer, wundersch\u00f6ner Fingerring f\u00fcr die Einzelwimpernverl\u00e4ngerung. <\/p>\n<p>Geben Sie den Wimpernkleber in die Einkerbung und erleichtern <\/p>\n<p>Sie sich das Aufnehmen und Verarbeiten des Wimpernklebers.<\/p>\n<p>Der Ring ist gr\u00f6\u00dfenverstellbar und passt sich so ideal an.<\/p>\n<p>Der Durchmesser betr\u00e4gt ca. 2,5cm, die H\u00f6he des Kristalls ca. 1,5cm.<\/p>\n","protected":false},"excerpt":{"rendered":"<p>Farbe: Transparent \/ Kristal<\/p>\n","protected":false},"featured_media":7280,"comment_status":"closed","ping_status":"closed","template":"","meta":[],"product_cat":[77,85,135,138],"product_tag":[],"yoast_head":"<!-- This site is optimized with the Yoast SEO plugin v19.10 - https:\/\/yoast.com\/wordpress\/plugins\/seo\/ -->\n<title>Fingerring f\u00fcr Kleber - WOMANS-SECRET-SHOP.COM<\/title>\n<meta name=\"robots\" content=\"index, follow, max-snippet:-1, max-image-preview:large, max-video-preview:-1\" \/>\n<link rel=\"canonical\" href=\"https:\/\/www.womans-secret-shop.com\/shop\/produkt\/arbeitsmaterial\/klebehalter\/fingerring-fuer-kleber\/\" \/>\n<meta property=\"og:locale\" content=\"de_DE\" \/>\n<meta property=\"og:type\" content=\"article\" \/>\n<meta property=\"og:title\" content=\"Fingerring f\u00fcr Kleber - WOMANS-SECRET-SHOP.COM\" \/>\n<meta property=\"og:description\" content=\"Farbe: Transparent \/ Kristal\" \/>\n<meta property=\"og:url\" content=\"https:\/\/www.womans-secret-shop.com\/shop\/produkt\/arbeitsmaterial\/klebehalter\/fingerring-fuer-kleber\/\" \/>\n<meta property=\"og:site_name\" content=\"WOMANS-SECRET-SHOP.COM\" \/>\n<meta property=\"article:publisher\" content=\"https:\/\/www.facebook.com\/wsbyalicjakesik\/\" \/>\n<meta property=\"article:modified_time\" content=\"2024-04-30T13:28:04+00:00\" \/>\n<meta property=\"og:image\" content=\"https:\/\/www.womans-secret-shop.com\/shop\/wp-content\/uploads\/2021\/10\/krysztalowy-pierscien.png\" \/>\n\t<meta property=\"og:image:width\" content=\"600\" \/>\n\t<meta property=\"og:image:height\" content=\"900\" \/>\n\t<meta property=\"og:image:type\" content=\"image\/png\" \/>\n<meta name=\"twitter:card\" content=\"summary_large_image\" \/>\n<script type=\"application\/ld+json\" class=\"yoast-schema-graph\">{\"@context\":\"https:\/\/schema.org\",\"@graph\":[{\"@type\":\"WebPage\",\"@id\":\"https:\/\/www.womans-secret-shop.com\/shop\/produkt\/arbeitsmaterial\/klebehalter\/fingerring-fuer-kleber\/\",\"url\":\"https:\/\/www.womans-secret-shop.com\/shop\/produkt\/arbeitsmaterial\/klebehalter\/fingerring-fuer-kleber\/\",\"name\":\"Fingerring f\u00fcr Kleber - WOMANS-SECRET-SHOP.COM\",\"isPartOf\":{\"@id\":\"https:\/\/www.womans-secret-shop.com\/shop\/#website\"},\"datePublished\":\"2021-10-10T13:40:30+00:00\",\"dateModified\":\"2024-04-30T13:28:04+00:00\",\"breadcrumb\":{\"@id\":\"https:\/\/www.womans-secret-shop.com\/shop\/produkt\/arbeitsmaterial\/klebehalter\/fingerring-fuer-kleber\/#breadcrumb\"},\"inLanguage\":\"de\",\"potentialAction\":[{\"@type\":\"ReadAction\",\"target\":[\"https:\/\/www.womans-secret-shop.com\/shop\/produkt\/arbeitsmaterial\/klebehalter\/fingerring-fuer-kleber\/\"]}]},{\"@type\":\"BreadcrumbList\",\"@id\":\"https:\/\/www.womans-secret-shop.com\/shop\/produkt\/arbeitsmaterial\/klebehalter\/fingerring-fuer-kleber\/#breadcrumb\",\"itemListElement\":[{\"@type\":\"ListItem\",\"position\":1,\"name\":\"Startseite\",\"item\":\"https:\/\/www.womans-secret-shop.com\/shop\/\"},{\"@type\":\"ListItem\",\"position\":2,\"name\":\"ALLE PRODUKTE\",\"item\":\"https:\/\/www.womans-secret-shop.com\/shop\/alle-produkte\/\"},{\"@type\":\"ListItem\",\"position\":3,\"name\":\"Fingerring f\u00fcr Kleber\"}]},{\"@type\":\"WebSite\",\"@id\":\"https:\/\/www.womans-secret-shop.com\/shop\/#website\",\"url\":\"https:\/\/www.womans-secret-shop.com\/shop\/\",\"name\":\"WOMANS-SECRET-SHOP.COM\",\"description\":\"Wimpern und Zubeh\u00f6r online kaufen!\",\"potentialAction\":[{\"@type\":\"SearchAction\",\"target\":{\"@type\":\"EntryPoint\",\"urlTemplate\":\"https:\/\/www.womans-secret-shop.com\/shop\/?s={search_term_string}\"},\"query-input\":\"required name=search_term_string\"}],\"inLanguage\":\"de\"}]}<\/script>\n<!-- \/ Yoast SEO plugin. -->","yoast_head_json":{"title":"Fingerring f\u00fcr Kleber - WOMANS-SECRET-SHOP.COM","robots":{"index":"index","follow":"follow","max-snippet":"max-snippet:-1","max-image-preview":"max-image-preview:large","max-video-preview":"max-video-preview:-1"},"canonical":"https:\/\/www.womans-secret-shop.com\/shop\/produkt\/arbeitsmaterial\/klebehalter\/fingerring-fuer-kleber\/","og_locale":"de_DE","og_type":"article","og_title":"Fingerring f\u00fcr Kleber - WOMANS-SECRET-SHOP.COM","og_description":"Farbe: Transparent \/ Kristal","og_url":"https:\/\/www.womans-secret-shop.com\/shop\/produkt\/arbeitsmaterial\/klebehalter\/fingerring-fuer-kleber\/","og_site_name":"WOMANS-SECRET-SHOP.COM","article_publisher":"https:\/\/www.facebook.com\/wsbyalicjakesik\/","article_modified_time":"2024-04-30T13:28:04+00:00","og_image":[{"width":600,"height":900,"url":"https:\/\/www.womans-secret-shop.com\/shop\/wp-content\/uploads\/2021\/10\/krysztalowy-pierscien.png","type":"image\/png"}],"twitter_card":"summary_large_image","schema":{"@context":"https:\/\/schema.org","@graph":[{"@type":"WebPage","@id":"https:\/\/www.womans-secret-shop.com\/shop\/produkt\/arbeitsmaterial\/klebehalter\/fingerring-fuer-kleber\/","url":"https:\/\/www.womans-secret-shop.com\/shop\/produkt\/arbeitsmaterial\/klebehalter\/fingerring-fuer-kleber\/","name":"Fingerring f\u00fcr Kleber - WOMANS-SECRET-SHOP.COM","isPartOf":{"@id":"https:\/\/www.womans-secret-shop.com\/shop\/#website"},"datePublished":"2021-10-10T13:40:30+00:00","dateModified":"2024-04-30T13:28:04+00:00","breadcrumb":{"@id":"https:\/\/www.womans-secret-shop.com\/shop\/produkt\/arbeitsmaterial\/klebehalter\/fingerring-fuer-kleber\/#breadcrumb"},"inLanguage":"de","potentialAction":[{"@type":"ReadAction","target":["https:\/\/www.womans-secret-shop.com\/shop\/produkt\/arbeitsmaterial\/klebehalter\/fingerring-fuer-kleber\/"]}]},{"@type":"BreadcrumbList","@id":"https:\/\/www.womans-secret-shop.com\/shop\/produkt\/arbeitsmaterial\/klebehalter\/fingerring-fuer-kleber\/#breadcrumb","itemListElement":[{"@type":"ListItem","position":1,"name":"Startseite","item":"https:\/\/www.womans-secret-shop.com\/shop\/"},{"@type":"ListItem","position":2,"name":"ALLE PRODUKTE","item":"https:\/\/www.womans-secret-shop.com\/shop\/alle-produkte\/"},{"@type":"ListItem","position":3,"name":"Fingerring f\u00fcr Kleber"}]},{"@type":"WebSite","@id":"https:\/\/www.womans-secret-shop.com\/shop\/#website","url":"https:\/\/www.womans-secret-shop.com\/shop\/","name":"WOMANS-SECRET-SHOP.COM","description":"Wimpern und Zubeh\u00f6r online kaufen!","potentialAction":[{"@type":"SearchAction","target":{"@type":"EntryPoint","urlTemplate":"https:\/\/www.womans-secret-shop.com\/shop\/?s={search_term_string}"},"query-input":"required name=search_term_string"}],"inLanguage":"de"}]}},"_links":{"self":[{"href":"https:\/\/www.womans-secret-shop.com\/shop\/wp-json\/wp\/v2\/product\/7279"}],"collection":[{"href":"https:\/\/www.womans-secret-shop.com\/shop\/wp-json\/wp\/v2\/product"}],"about":[{"href":"https:\/\/www.womans-secret-shop.com\/shop\/wp-json\/wp\/v2\/types\/product"}],"replies":[{"embeddable":true,"href":"https:\/\/www.womans-secret-shop.com\/shop\/wp-json\/wp\/v2\/comments?post=7279"}],"wp:featuredmedia":[{"embeddable":true,"href":"https:\/\/www.womans-secret-shop.com\/shop\/wp-json\/wp\/v2\/media\/7280"}],"wp:attachment":[{"href":"https:\/\/www.womans-secret-shop.com\/shop\/wp-json\/wp\/v2\/media?parent=7279"}],"wp:term":[{"taxonomy":"product_cat","embeddable":true,"href":"https:\/\/www.womans-secret-shop.com\/shop\/wp-json\/wp\/v2\/product_cat?post=7279"},{"taxonomy":"product_tag","embeddable":true,"href":"https:\/\/www.womans-secret-shop.com\/shop\/wp-json\/wp\/v2\/product_tag?post=7279"}],"curies":[{"name":"wp","href":"https:\/\/api.w.org\/{rel}","templated":true}]}}