{"id":5744,"date":"2020-03-24T16:13:02","date_gmt":"2020-03-24T15:13:02","guid":{"rendered":"https:\/\/www.womans-secret-shop.com\/shop\/?post_type=product&#038;p=5744"},"modified":"2024-01-25T15:27:42","modified_gmt":"2024-01-25T14:27:42","slug":"hygienemaske","status":"publish","type":"product","link":"https:\/\/www.womans-secret-shop.com\/shop\/produkt\/arbeitsmaterial\/sonstige-arbeitsmaterial\/hygienemaske\/","title":{"rendered":"Hygienemaske Mundschutz"},"content":{"rendered":"<p>PP-Mundschutz<\/p>\n<p>Menge: 10 St\u00fcck<\/p>\n<p>Unser zweilagiger Schwarzer Mundschutz besteht aus Polypropylen und ist ein harter und sehr w\u00e4rmebest\u00e4ndiger Kunststoff. Er ist glasfaserfrei, latexfrei und nickelfrei.<br \/>\nEr sch\u00fctzt Ihre Atemwege nicht nur vor Schmutz und Staub, sondern unterbindet die \u00dcbertragung von Viren und Bakterien &#8211; durch das h\u00e4ufige anfassen von Mund und Nase!<br \/>\nDer Mundschutz sitzt dank der bequemen und weichen Gummib\u00e4nder fest auf &#8211; ohne abzurutschen. Er besitzt au\u00dferdem Nasenklammern, die sich super leicht verbiegen lassen und zus\u00e4tzlichen Halt bieten.<\/p>\n<p>Kurzbeschreibung:<br \/>\nPolypropylen-Mundschutz<br \/>\n10 St\u00fcck in einer Verpackung<br \/>\nSch\u00fctzt Mund und Nasenbereich<br \/>\n2-lagig<br \/>\nLatexfrei<br \/>\nNickelfrei<br \/>\nGlasfaserfrei<br \/>\nMit Gummiband<\/p>\n<p>Gr\u00f6\u00dfe:\u00a017,5 x 9 cm<\/p>\n<p>Weitere Mundschutzmasken findest du <a href=\"https:\/\/www.womans-secret-shop.com\/shop\/produkt\/arbeitsmaterial\/sonstige-arbeitsmaterial\/hygienemaske-mundschutz-blau\/\">hier<\/a><\/p>\n","protected":false},"excerpt":{"rendered":"<p>Menge: 10 St\u00fcck<br \/>\nFarbe : Schwarz<\/p>\n<p>2-lagig<br \/>\nLatexfrei<br \/>\nNickelfrei<br \/>\nGlasfaserfrei<br \/>\nMit Gummiband<\/p>\n<p>Gr\u00f6\u00dfe: 17,5 x 9 cm<\/p>\n","protected":false},"featured_media":7293,"comment_status":"closed","ping_status":"closed","template":"","meta":[],"product_cat":[77,135,138],"product_tag":[],"yoast_head":"<!-- This site is optimized with the Yoast SEO plugin v19.10 - https:\/\/yoast.com\/wordpress\/plugins\/seo\/ -->\n<title>Hygienemaske Mundschutz - WOMANS-SECRET-SHOP.COM<\/title>\n<meta name=\"robots\" content=\"index, follow, max-snippet:-1, max-image-preview:large, max-video-preview:-1\" \/>\n<link rel=\"canonical\" href=\"https:\/\/www.womans-secret-shop.com\/shop\/produkt\/arbeitsmaterial\/sonstige-arbeitsmaterial\/hygienemaske\/\" \/>\n<meta property=\"og:locale\" content=\"de_DE\" \/>\n<meta property=\"og:type\" content=\"article\" \/>\n<meta property=\"og:title\" content=\"Hygienemaske Mundschutz - WOMANS-SECRET-SHOP.COM\" \/>\n<meta property=\"og:description\" content=\"Menge: 10 St\u00fcck Farbe : Schwarz  2-lagig Latexfrei Nickelfrei Glasfaserfrei Mit Gummiband  Gr\u00f6\u00dfe: 17,5 x 9 cm\" \/>\n<meta property=\"og:url\" content=\"https:\/\/www.womans-secret-shop.com\/shop\/produkt\/arbeitsmaterial\/sonstige-arbeitsmaterial\/hygienemaske\/\" \/>\n<meta property=\"og:site_name\" content=\"WOMANS-SECRET-SHOP.COM\" \/>\n<meta property=\"article:publisher\" content=\"https:\/\/www.facebook.com\/wsbyalicjakesik\/\" \/>\n<meta property=\"article:modified_time\" content=\"2024-01-25T14:27:42+00:00\" \/>\n<meta property=\"og:image\" content=\"https:\/\/www.womans-secret-shop.com\/shop\/wp-content\/uploads\/2020\/03\/MUND2.jpg\" \/>\n\t<meta property=\"og:image:width\" content=\"1000\" \/>\n\t<meta property=\"og:image:height\" content=\"1000\" \/>\n\t<meta property=\"og:image:type\" content=\"image\/jpeg\" \/>\n<meta name=\"twitter:card\" content=\"summary_large_image\" \/>\n<meta name=\"twitter:label1\" content=\"Gesch\u00e4tzte Lesezeit\" \/>\n\t<meta name=\"twitter:data1\" content=\"1\u00a0Minute\" \/>\n<script type=\"application\/ld+json\" class=\"yoast-schema-graph\">{\"@context\":\"https:\/\/schema.org\",\"@graph\":[{\"@type\":\"WebPage\",\"@id\":\"https:\/\/www.womans-secret-shop.com\/shop\/produkt\/arbeitsmaterial\/sonstige-arbeitsmaterial\/hygienemaske\/\",\"url\":\"https:\/\/www.womans-secret-shop.com\/shop\/produkt\/arbeitsmaterial\/sonstige-arbeitsmaterial\/hygienemaske\/\",\"name\":\"Hygienemaske Mundschutz - WOMANS-SECRET-SHOP.COM\",\"isPartOf\":{\"@id\":\"https:\/\/www.womans-secret-shop.com\/shop\/#website\"},\"datePublished\":\"2020-03-24T15:13:02+00:00\",\"dateModified\":\"2024-01-25T14:27:42+00:00\",\"breadcrumb\":{\"@id\":\"https:\/\/www.womans-secret-shop.com\/shop\/produkt\/arbeitsmaterial\/sonstige-arbeitsmaterial\/hygienemaske\/#breadcrumb\"},\"inLanguage\":\"de\",\"potentialAction\":[{\"@type\":\"ReadAction\",\"target\":[\"https:\/\/www.womans-secret-shop.com\/shop\/produkt\/arbeitsmaterial\/sonstige-arbeitsmaterial\/hygienemaske\/\"]}]},{\"@type\":\"BreadcrumbList\",\"@id\":\"https:\/\/www.womans-secret-shop.com\/shop\/produkt\/arbeitsmaterial\/sonstige-arbeitsmaterial\/hygienemaske\/#breadcrumb\",\"itemListElement\":[{\"@type\":\"ListItem\",\"position\":1,\"name\":\"Startseite\",\"item\":\"https:\/\/www.womans-secret-shop.com\/shop\/\"},{\"@type\":\"ListItem\",\"position\":2,\"name\":\"ALLE PRODUKTE\",\"item\":\"https:\/\/www.womans-secret-shop.com\/shop\/alle-produkte\/\"},{\"@type\":\"ListItem\",\"position\":3,\"name\":\"Hygienemaske Mundschutz\"}]},{\"@type\":\"WebSite\",\"@id\":\"https:\/\/www.womans-secret-shop.com\/shop\/#website\",\"url\":\"https:\/\/www.womans-secret-shop.com\/shop\/\",\"name\":\"WOMANS-SECRET-SHOP.COM\",\"description\":\"Wimpern und Zubeh\u00f6r online kaufen!\",\"potentialAction\":[{\"@type\":\"SearchAction\",\"target\":{\"@type\":\"EntryPoint\",\"urlTemplate\":\"https:\/\/www.womans-secret-shop.com\/shop\/?s={search_term_string}\"},\"query-input\":\"required name=search_term_string\"}],\"inLanguage\":\"de\"}]}<\/script>\n<!-- \/ Yoast SEO plugin. -->","yoast_head_json":{"title":"Hygienemaske Mundschutz - WOMANS-SECRET-SHOP.COM","robots":{"index":"index","follow":"follow","max-snippet":"max-snippet:-1","max-image-preview":"max-image-preview:large","max-video-preview":"max-video-preview:-1"},"canonical":"https:\/\/www.womans-secret-shop.com\/shop\/produkt\/arbeitsmaterial\/sonstige-arbeitsmaterial\/hygienemaske\/","og_locale":"de_DE","og_type":"article","og_title":"Hygienemaske Mundschutz - WOMANS-SECRET-SHOP.COM","og_description":"Menge: 10 St\u00fcck Farbe : Schwarz  2-lagig Latexfrei Nickelfrei Glasfaserfrei Mit Gummiband  Gr\u00f6\u00dfe: 17,5 x 9 cm","og_url":"https:\/\/www.womans-secret-shop.com\/shop\/produkt\/arbeitsmaterial\/sonstige-arbeitsmaterial\/hygienemaske\/","og_site_name":"WOMANS-SECRET-SHOP.COM","article_publisher":"https:\/\/www.facebook.com\/wsbyalicjakesik\/","article_modified_time":"2024-01-25T14:27:42+00:00","og_image":[{"width":1000,"height":1000,"url":"https:\/\/www.womans-secret-shop.com\/shop\/wp-content\/uploads\/2020\/03\/MUND2.jpg","type":"image\/jpeg"}],"twitter_card":"summary_large_image","twitter_misc":{"Gesch\u00e4tzte Lesezeit":"1\u00a0Minute"},"schema":{"@context":"https:\/\/schema.org","@graph":[{"@type":"WebPage","@id":"https:\/\/www.womans-secret-shop.com\/shop\/produkt\/arbeitsmaterial\/sonstige-arbeitsmaterial\/hygienemaske\/","url":"https:\/\/www.womans-secret-shop.com\/shop\/produkt\/arbeitsmaterial\/sonstige-arbeitsmaterial\/hygienemaske\/","name":"Hygienemaske Mundschutz - WOMANS-SECRET-SHOP.COM","isPartOf":{"@id":"https:\/\/www.womans-secret-shop.com\/shop\/#website"},"datePublished":"2020-03-24T15:13:02+00:00","dateModified":"2024-01-25T14:27:42+00:00","breadcrumb":{"@id":"https:\/\/www.womans-secret-shop.com\/shop\/produkt\/arbeitsmaterial\/sonstige-arbeitsmaterial\/hygienemaske\/#breadcrumb"},"inLanguage":"de","potentialAction":[{"@type":"ReadAction","target":["https:\/\/www.womans-secret-shop.com\/shop\/produkt\/arbeitsmaterial\/sonstige-arbeitsmaterial\/hygienemaske\/"]}]},{"@type":"BreadcrumbList","@id":"https:\/\/www.womans-secret-shop.com\/shop\/produkt\/arbeitsmaterial\/sonstige-arbeitsmaterial\/hygienemaske\/#breadcrumb","itemListElement":[{"@type":"ListItem","position":1,"name":"Startseite","item":"https:\/\/www.womans-secret-shop.com\/shop\/"},{"@type":"ListItem","position":2,"name":"ALLE PRODUKTE","item":"https:\/\/www.womans-secret-shop.com\/shop\/alle-produkte\/"},{"@type":"ListItem","position":3,"name":"Hygienemaske Mundschutz"}]},{"@type":"WebSite","@id":"https:\/\/www.womans-secret-shop.com\/shop\/#website","url":"https:\/\/www.womans-secret-shop.com\/shop\/","name":"WOMANS-SECRET-SHOP.COM","description":"Wimpern und Zubeh\u00f6r online kaufen!","potentialAction":[{"@type":"SearchAction","target":{"@type":"EntryPoint","urlTemplate":"https:\/\/www.womans-secret-shop.com\/shop\/?s={search_term_string}"},"query-input":"required name=search_term_string"}],"inLanguage":"de"}]}},"_links":{"self":[{"href":"https:\/\/www.womans-secret-shop.com\/shop\/wp-json\/wp\/v2\/product\/5744"}],"collection":[{"href":"https:\/\/www.womans-secret-shop.com\/shop\/wp-json\/wp\/v2\/product"}],"about":[{"href":"https:\/\/www.womans-secret-shop.com\/shop\/wp-json\/wp\/v2\/types\/product"}],"replies":[{"embeddable":true,"href":"https:\/\/www.womans-secret-shop.com\/shop\/wp-json\/wp\/v2\/comments?post=5744"}],"wp:featuredmedia":[{"embeddable":true,"href":"https:\/\/www.womans-secret-shop.com\/shop\/wp-json\/wp\/v2\/media\/7293"}],"wp:attachment":[{"href":"https:\/\/www.womans-secret-shop.com\/shop\/wp-json\/wp\/v2\/media?parent=5744"}],"wp:term":[{"taxonomy":"product_cat","embeddable":true,"href":"https:\/\/www.womans-secret-shop.com\/shop\/wp-json\/wp\/v2\/product_cat?post=5744"},{"taxonomy":"product_tag","embeddable":true,"href":"https:\/\/www.womans-secret-shop.com\/shop\/wp-json\/wp\/v2\/product_tag?post=5744"}],"curies":[{"name":"wp","href":"https:\/\/api.w.org\/{rel}","templated":true}]}}