{"id":5140,"date":"2019-03-17T19:32:59","date_gmt":"2019-03-17T18:32:59","guid":{"rendered":"https:\/\/www.womans-secret-shop.com\/shop\/?post_type=product&#038;p=5140"},"modified":"2024-06-14T22:56:34","modified_gmt":"2024-06-14T20:56:34","slug":"eyeliner-blan-shutte","status":"publish","type":"product","link":"https:\/\/www.womans-secret-shop.com\/shop\/produkt\/arbeitsmaterial\/sonstige-arbeitsmaterial\/eyeliner-blan-shutte\/","title":{"rendered":"EYELINER\u00a0BLAN SHUTTE\u00a0"},"content":{"rendered":"<p>PEN TYPE EYELINER<\/p>\n<p>Von unserer Kosmetiklinie BLAN SHUTTE<\/p>\n<p>BLAN SHUTTE hat mit dem Eyeliner Stift eine One-Touch-Formel entwickelt, die eine lebendige und klare Linie mit der kleinsten Ber\u00fchrung verleiht. Man kann mit diesem Stift sehr pr\u00e4zise und schnell arbeiten.<\/p>\n<p><b>Das schw\u00e4rzeste Schwarz f\u00fcr perfekte Linien ohne zu Verblassen oder zu Verwischen!<\/b><b><\/b><\/p>\n<p><b>PEN TYPE EYELINER: <\/b>Unser Eyeliner ist ein unglaublich feiner und weicher Stift, der Ihnen ohne zu verwischen bei jedem Styling den erw\u00fcnschten Effekt bringt. Durch die Polymer-Balance-Regulierung bleibt die B\u00fcrstenspitze immer gleichm\u00e4\u00dfig mit Feuchtigkeit versorgt.<br \/>\nEine hat eine sehr hohe Best\u00e4ndigkeit gegen Tr\u00e4nen, Talg und Schwei\u00df. Das alles ohne zu verschmieren!<\/p>\n<p>Gebrauchsanweisung:<br \/>\n&#8211; Legen Sie den Stift so nah wie m\u00f6glich an Ihren oberen Wimpernkranz<br \/>\n&#8211; Beginnen Sie dann mit dem Auftragen des Eyeliners auf die obere Wimpernlinie<br \/>\n&#8211; Bewegen Sie sich in Richtung der \u00e4u\u00dferen Kante Ihrer Wimpernlinie<br \/>\n&#8211; Leichtes abwaschen mit Wasser m\u00f6glich<\/p>\n<p>Vorsichtsma\u00dfnahmen:<br \/>\nBeim Auftreten einer allergischen Reaktion den Stift nicht mehr verwenden.<br \/>\nNicht bei offenen Wunden oder gereizten Stellen benutzen.<br \/>\nVerwenden Sie es nicht, wenn Sie an einer Bindehautentz\u00fcndung o.\u00e4. leiden.<br \/>\nHalten Sie den Stift geschlossen, wenn Sie ihn nicht benutzen.<br \/>\nAn einem k\u00fchlen Ort aufbewahren. Halten Sie die Produkte von Kindern fern.<\/p>\n<p>Menge: 1 St\u00fcck<br \/>\nFarbton: Schwarz<\/p>\n<p>Ingredients:<br \/>\nAQUA, ACRYLATES\/ETHYLHEXYL ACRYLATE COPOLYMER, CI 77266, BUTYLENE GLYCOL, STYRENE\/ACRYLATES\/AMMONIUM METHACRYLATE COPOLYMER, PENTYLENE GLYCOL, BEHENETH-30, ALTHAEA ROSEA FLOWER EXTRACT, ACRYLATES COPOLYMER, ACRYLATES\/OCTYLACRYLAMIDE COPOLYMER, 1,2-HEXANEDIOL, AMINOMETHYL PROPANOL, ,,C11-15 PARETH-7, CAPRYLYL GLYCOL, SODIUM LAURETH-12 SULFATE, ETHYLHEXYLGLYCERIN, TETRASODIUM EDTA, PHENOXYETHANOL, POTASSIUM SORBATE.<\/p>\n","protected":false},"excerpt":{"rendered":"<p>Menge: 1 St\u00fcck<br \/>\nFarbton: Schwarz<\/p>\n","protected":false},"featured_media":5141,"comment_status":"closed","ping_status":"closed","template":"","meta":[],"product_cat":[92,135,138],"product_tag":[],"yoast_head":"<!-- This site is optimized with the Yoast SEO plugin v19.10 - https:\/\/yoast.com\/wordpress\/plugins\/seo\/ -->\n<title>EYELINER\u00a0BLAN SHUTTE\u00a0 - WOMANS-SECRET-SHOP.COM<\/title>\n<meta name=\"robots\" content=\"index, follow, max-snippet:-1, max-image-preview:large, max-video-preview:-1\" \/>\n<link rel=\"canonical\" href=\"https:\/\/www.womans-secret-shop.com\/shop\/produkt\/arbeitsmaterial\/sonstige-arbeitsmaterial\/eyeliner-blan-shutte\/\" \/>\n<meta property=\"og:locale\" content=\"de_DE\" \/>\n<meta property=\"og:type\" content=\"article\" \/>\n<meta property=\"og:title\" content=\"EYELINER\u00a0BLAN SHUTTE\u00a0 - WOMANS-SECRET-SHOP.COM\" \/>\n<meta property=\"og:description\" content=\"Menge: 1 St\u00fcck Farbton: Schwarz\" \/>\n<meta property=\"og:url\" content=\"https:\/\/www.womans-secret-shop.com\/shop\/produkt\/arbeitsmaterial\/sonstige-arbeitsmaterial\/eyeliner-blan-shutte\/\" \/>\n<meta property=\"og:site_name\" content=\"WOMANS-SECRET-SHOP.COM\" \/>\n<meta property=\"article:publisher\" content=\"https:\/\/www.facebook.com\/wsbyalicjakesik\/\" \/>\n<meta property=\"article:modified_time\" content=\"2024-06-14T20:56:34+00:00\" \/>\n<meta property=\"og:image\" content=\"https:\/\/www.womans-secret-shop.com\/shop\/wp-content\/uploads\/2021\/09\/eyeliner_blan-shutte.jpg\" \/>\n\t<meta property=\"og:image:width\" content=\"1162\" \/>\n\t<meta property=\"og:image:height\" content=\"1713\" \/>\n\t<meta property=\"og:image:type\" content=\"image\/jpeg\" \/>\n<meta name=\"twitter:card\" content=\"summary_large_image\" \/>\n<meta name=\"twitter:label1\" content=\"Gesch\u00e4tzte Lesezeit\" \/>\n\t<meta name=\"twitter:data1\" content=\"1\u00a0Minute\" \/>\n<script type=\"application\/ld+json\" class=\"yoast-schema-graph\">{\"@context\":\"https:\/\/schema.org\",\"@graph\":[{\"@type\":\"WebPage\",\"@id\":\"https:\/\/www.womans-secret-shop.com\/shop\/produkt\/arbeitsmaterial\/sonstige-arbeitsmaterial\/eyeliner-blan-shutte\/\",\"url\":\"https:\/\/www.womans-secret-shop.com\/shop\/produkt\/arbeitsmaterial\/sonstige-arbeitsmaterial\/eyeliner-blan-shutte\/\",\"name\":\"EYELINER\u00a0BLAN SHUTTE\u00a0 - WOMANS-SECRET-SHOP.COM\",\"isPartOf\":{\"@id\":\"https:\/\/www.womans-secret-shop.com\/shop\/#website\"},\"datePublished\":\"2019-03-17T18:32:59+00:00\",\"dateModified\":\"2024-06-14T20:56:34+00:00\",\"breadcrumb\":{\"@id\":\"https:\/\/www.womans-secret-shop.com\/shop\/produkt\/arbeitsmaterial\/sonstige-arbeitsmaterial\/eyeliner-blan-shutte\/#breadcrumb\"},\"inLanguage\":\"de\",\"potentialAction\":[{\"@type\":\"ReadAction\",\"target\":[\"https:\/\/www.womans-secret-shop.com\/shop\/produkt\/arbeitsmaterial\/sonstige-arbeitsmaterial\/eyeliner-blan-shutte\/\"]}]},{\"@type\":\"BreadcrumbList\",\"@id\":\"https:\/\/www.womans-secret-shop.com\/shop\/produkt\/arbeitsmaterial\/sonstige-arbeitsmaterial\/eyeliner-blan-shutte\/#breadcrumb\",\"itemListElement\":[{\"@type\":\"ListItem\",\"position\":1,\"name\":\"Startseite\",\"item\":\"https:\/\/www.womans-secret-shop.com\/shop\/\"},{\"@type\":\"ListItem\",\"position\":2,\"name\":\"ALLE PRODUKTE\",\"item\":\"https:\/\/www.womans-secret-shop.com\/shop\/alle-produkte\/\"},{\"@type\":\"ListItem\",\"position\":3,\"name\":\"EYELINER\u00a0BLAN SHUTTE\u00a0\"}]},{\"@type\":\"WebSite\",\"@id\":\"https:\/\/www.womans-secret-shop.com\/shop\/#website\",\"url\":\"https:\/\/www.womans-secret-shop.com\/shop\/\",\"name\":\"WOMANS-SECRET-SHOP.COM\",\"description\":\"Wimpern und Zubeh\u00f6r online kaufen!\",\"potentialAction\":[{\"@type\":\"SearchAction\",\"target\":{\"@type\":\"EntryPoint\",\"urlTemplate\":\"https:\/\/www.womans-secret-shop.com\/shop\/?s={search_term_string}\"},\"query-input\":\"required name=search_term_string\"}],\"inLanguage\":\"de\"}]}<\/script>\n<!-- \/ Yoast SEO plugin. -->","yoast_head_json":{"title":"EYELINER\u00a0BLAN SHUTTE\u00a0 - WOMANS-SECRET-SHOP.COM","robots":{"index":"index","follow":"follow","max-snippet":"max-snippet:-1","max-image-preview":"max-image-preview:large","max-video-preview":"max-video-preview:-1"},"canonical":"https:\/\/www.womans-secret-shop.com\/shop\/produkt\/arbeitsmaterial\/sonstige-arbeitsmaterial\/eyeliner-blan-shutte\/","og_locale":"de_DE","og_type":"article","og_title":"EYELINER\u00a0BLAN SHUTTE\u00a0 - WOMANS-SECRET-SHOP.COM","og_description":"Menge: 1 St\u00fcck Farbton: Schwarz","og_url":"https:\/\/www.womans-secret-shop.com\/shop\/produkt\/arbeitsmaterial\/sonstige-arbeitsmaterial\/eyeliner-blan-shutte\/","og_site_name":"WOMANS-SECRET-SHOP.COM","article_publisher":"https:\/\/www.facebook.com\/wsbyalicjakesik\/","article_modified_time":"2024-06-14T20:56:34+00:00","og_image":[{"width":1162,"height":1713,"url":"https:\/\/www.womans-secret-shop.com\/shop\/wp-content\/uploads\/2021\/09\/eyeliner_blan-shutte.jpg","type":"image\/jpeg"}],"twitter_card":"summary_large_image","twitter_misc":{"Gesch\u00e4tzte Lesezeit":"1\u00a0Minute"},"schema":{"@context":"https:\/\/schema.org","@graph":[{"@type":"WebPage","@id":"https:\/\/www.womans-secret-shop.com\/shop\/produkt\/arbeitsmaterial\/sonstige-arbeitsmaterial\/eyeliner-blan-shutte\/","url":"https:\/\/www.womans-secret-shop.com\/shop\/produkt\/arbeitsmaterial\/sonstige-arbeitsmaterial\/eyeliner-blan-shutte\/","name":"EYELINER\u00a0BLAN SHUTTE\u00a0 - WOMANS-SECRET-SHOP.COM","isPartOf":{"@id":"https:\/\/www.womans-secret-shop.com\/shop\/#website"},"datePublished":"2019-03-17T18:32:59+00:00","dateModified":"2024-06-14T20:56:34+00:00","breadcrumb":{"@id":"https:\/\/www.womans-secret-shop.com\/shop\/produkt\/arbeitsmaterial\/sonstige-arbeitsmaterial\/eyeliner-blan-shutte\/#breadcrumb"},"inLanguage":"de","potentialAction":[{"@type":"ReadAction","target":["https:\/\/www.womans-secret-shop.com\/shop\/produkt\/arbeitsmaterial\/sonstige-arbeitsmaterial\/eyeliner-blan-shutte\/"]}]},{"@type":"BreadcrumbList","@id":"https:\/\/www.womans-secret-shop.com\/shop\/produkt\/arbeitsmaterial\/sonstige-arbeitsmaterial\/eyeliner-blan-shutte\/#breadcrumb","itemListElement":[{"@type":"ListItem","position":1,"name":"Startseite","item":"https:\/\/www.womans-secret-shop.com\/shop\/"},{"@type":"ListItem","position":2,"name":"ALLE PRODUKTE","item":"https:\/\/www.womans-secret-shop.com\/shop\/alle-produkte\/"},{"@type":"ListItem","position":3,"name":"EYELINER\u00a0BLAN SHUTTE\u00a0"}]},{"@type":"WebSite","@id":"https:\/\/www.womans-secret-shop.com\/shop\/#website","url":"https:\/\/www.womans-secret-shop.com\/shop\/","name":"WOMANS-SECRET-SHOP.COM","description":"Wimpern und Zubeh\u00f6r online kaufen!","potentialAction":[{"@type":"SearchAction","target":{"@type":"EntryPoint","urlTemplate":"https:\/\/www.womans-secret-shop.com\/shop\/?s={search_term_string}"},"query-input":"required name=search_term_string"}],"inLanguage":"de"}]}},"_links":{"self":[{"href":"https:\/\/www.womans-secret-shop.com\/shop\/wp-json\/wp\/v2\/product\/5140"}],"collection":[{"href":"https:\/\/www.womans-secret-shop.com\/shop\/wp-json\/wp\/v2\/product"}],"about":[{"href":"https:\/\/www.womans-secret-shop.com\/shop\/wp-json\/wp\/v2\/types\/product"}],"replies":[{"embeddable":true,"href":"https:\/\/www.womans-secret-shop.com\/shop\/wp-json\/wp\/v2\/comments?post=5140"}],"wp:featuredmedia":[{"embeddable":true,"href":"https:\/\/www.womans-secret-shop.com\/shop\/wp-json\/wp\/v2\/media\/5141"}],"wp:attachment":[{"href":"https:\/\/www.womans-secret-shop.com\/shop\/wp-json\/wp\/v2\/media?parent=5140"}],"wp:term":[{"taxonomy":"product_cat","embeddable":true,"href":"https:\/\/www.womans-secret-shop.com\/shop\/wp-json\/wp\/v2\/product_cat?post=5140"},{"taxonomy":"product_tag","embeddable":true,"href":"https:\/\/www.womans-secret-shop.com\/shop\/wp-json\/wp\/v2\/product_tag?post=5140"}],"curies":[{"name":"wp","href":"https:\/\/api.w.org\/{rel}","templated":true}]}}