{"id":5132,"date":"2019-03-17T19:27:12","date_gmt":"2019-03-17T18:27:12","guid":{"rendered":"https:\/\/www.womans-secret-shop.com\/shop\/?post_type=product&#038;p=5132"},"modified":"2024-04-30T16:11:59","modified_gmt":"2024-04-30T14:11:59","slug":"mascara-blan-shutte","status":"publish","type":"product","link":"https:\/\/www.womans-secret-shop.com\/shop\/produkt\/arbeitsmaterial\/sonstige-arbeitsmaterial\/mascara-blan-shutte\/","title":{"rendered":"Mascara BLAN SHUTTE"},"content":{"rendered":"<p>Mascara von BLAN SHUTTE<\/p>\n<p>BLAN SHUTTE hat eine Mascara-Linie f\u00fcr jeden Bedarf entwickelt. Ob f\u00fcr eine langen und geschwungen Look, f\u00fcr ein extremes Volumen oder dem fasergef\u00fcllten Mascara mit Microh\u00e4rchen, die beim Auftragen Faser auf den Wimpern hinterlassen.<\/p>\n<p>Die Mascaras sind nicht nur hochwertig verarbeitet, sondern auch ein richtiger Hingucker f\u00fcr jede elegante und stilvolle Frau.<\/p>\n<p><b>LONG &amp; CURL MASCARA:<\/b> Besitzt eine spezielle Formel, die die einzelne Wimper l\u00e4nger erscheinen l\u00e4sst ohne zu verklumpen! Perfekt separiert und Ultra Lang &#8211; Langanhaltend, den ganzen Tag!<\/p>\n<p>Gebrauchsanweisung:<br \/>\n&#8211; Entfernen Sie das St\u00e4bchen aus der Mascara-R\u00f6hre, indem Sie ihn hin und her drehen und den Stift dann ziehen.<br \/>\n&#8211; Wischen Sie \u00fcbersch\u00fcssiges Mascara in der Lippe der Flasche ab.<br \/>\n&#8211; Beginnen Sie am Ansatz der Wimpern und ziehen den Mascara bis in die Spitzen nach.<\/p>\n<p><b>\u00a0<\/b><\/p>\n<p><b>VOLUME &amp; CURL MASCARA:<\/b> Gibt den Wimpern einen dramatischen Look ohne zu verklumpen! Die Wimpern wirken deutlich voller &#8211; Den ganzen Tag!<\/p>\n<p>Gebrauchsanweisung:<br \/>\n&#8211; Entfernen Sie das St\u00e4bchen aus der Mascara-R\u00f6hre, indem Sie ihn hin und her drehen und den Stift dann ziehen.<br \/>\n&#8211; Wischen Sie \u00fcbersch\u00fcssiges Mascara in der Lippe der Flasche ab.<br \/>\n&#8211; Beginnen Sie am Ansatz der Wimpern und ziehen den Mascara bis in die Spitzen nach.<\/p>\n<p><b>PODIUM FIBER-FILLED MASCARA: <\/b>Verleiht den Wimpern eine unglaubliche L\u00e4nge durch die Microh\u00e4rchen im Mascara selbst! Die spezielle Technologie erm\u00f6glicht einen d\u00fcnneren Film auf der Wimper und zieht diese mit den Fasern in die L\u00e4nge! Eine wahre Weltneuheit!<\/p>\n<p>Gebrauchsanweisung:<br \/>\n&#8211; Legen Sie die B\u00fcrste an Ihre Wimpern und wischen sie leicht vor und zur\u00fcck<br \/>\n&#8211; Danach b\u00fcrsten Sie vom Ansatz der Wimpern bis in die Spitzen<br \/>\n&#8211; Lassen Sie die erste Schicht trocknen und tragen nach einer kurzen Zeit eine 2. Schicht f\u00fcr einen helleren Effekt nach!<br \/>\n&#8211; Leichtes abwaschen mit Wasser m\u00f6glich<\/p>\n<p>Vorsichtsma\u00dfnahmen:<br \/>\nBeim Auftreten einer allergischen Reaktion den Stift nicht mehr verwenden.<br \/>\nNicht bei offenen Wunden oder gereizten Stellen benutzen.<br \/>\nVerwenden Sie es nicht, wenn Sie an einer Bindehautentz\u00fcndung o.\u00e4. leiden.<br \/>\nHalten Sie den Stift geschlossen, wenn Sie ihn nicht benutzen.<br \/>\nAn einem k\u00fchlen Ort aufbewahren. Halten Sie die Produkte von Kindern fern.<\/p>\n<p>Ingredients:<br \/>\nS\u00e4mtliche Hinweise sind auf der Verpackung der Mascaras zu entnehmen.<\/p>\n","protected":false},"excerpt":{"rendered":"<p>Mascara von BLAN SHUTTE BLAN SHUTTE hat eine Mascara-Linie f\u00fcr jeden Bedarf entwickelt. Ob f\u00fcr eine langen und geschwungen Look, f\u00fcr ein extremes Volumen oder dem fasergef\u00fcllten Mascara mit Microh\u00e4rchen, die beim Auftragen Faser auf den Wimpern hinterlassen. Die Mascaras sind nicht nur hochwertig verarbeitet, sondern auch ein richtiger Hingucker f\u00fcr jede elegante und stilvolle [&hellip;]<\/p>\n","protected":false},"featured_media":5136,"comment_status":"closed","ping_status":"closed","template":"","meta":[],"product_cat":[92,135,138],"product_tag":[],"yoast_head":"<!-- This site is optimized with the Yoast SEO plugin v19.10 - https:\/\/yoast.com\/wordpress\/plugins\/seo\/ -->\n<title>Mascara BLAN SHUTTE - WOMANS-SECRET-SHOP.COM<\/title>\n<meta name=\"robots\" content=\"index, follow, max-snippet:-1, max-image-preview:large, max-video-preview:-1\" \/>\n<link rel=\"canonical\" href=\"https:\/\/www.womans-secret-shop.com\/shop\/produkt\/arbeitsmaterial\/sonstige-arbeitsmaterial\/mascara-blan-shutte\/\" \/>\n<meta property=\"og:locale\" content=\"de_DE\" \/>\n<meta property=\"og:type\" content=\"article\" \/>\n<meta property=\"og:title\" content=\"Mascara BLAN SHUTTE - WOMANS-SECRET-SHOP.COM\" \/>\n<meta property=\"og:description\" content=\"Mascara von BLAN SHUTTE BLAN SHUTTE hat eine Mascara-Linie f\u00fcr jeden Bedarf entwickelt. Ob f\u00fcr eine langen und geschwungen Look, f\u00fcr ein extremes Volumen oder dem fasergef\u00fcllten Mascara mit Microh\u00e4rchen, die beim Auftragen Faser auf den Wimpern hinterlassen. Die Mascaras sind nicht nur hochwertig verarbeitet, sondern auch ein richtiger Hingucker f\u00fcr jede elegante und stilvolle [&hellip;]\" \/>\n<meta property=\"og:url\" content=\"https:\/\/www.womans-secret-shop.com\/shop\/produkt\/arbeitsmaterial\/sonstige-arbeitsmaterial\/mascara-blan-shutte\/\" \/>\n<meta property=\"og:site_name\" content=\"WOMANS-SECRET-SHOP.COM\" \/>\n<meta property=\"article:publisher\" content=\"https:\/\/www.facebook.com\/wsbyalicjakesik\/\" \/>\n<meta property=\"article:modified_time\" content=\"2024-04-30T14:11:59+00:00\" \/>\n<meta property=\"og:image\" content=\"https:\/\/www.womans-secret-shop.com\/shop\/wp-content\/uploads\/2021\/09\/blan-shutte-3.jpg\" \/>\n\t<meta property=\"og:image:width\" content=\"795\" \/>\n\t<meta property=\"og:image:height\" content=\"470\" \/>\n\t<meta property=\"og:image:type\" content=\"image\/jpeg\" \/>\n<meta name=\"twitter:card\" content=\"summary_large_image\" \/>\n<meta name=\"twitter:label1\" content=\"Gesch\u00e4tzte Lesezeit\" \/>\n\t<meta name=\"twitter:data1\" content=\"2\u00a0Minuten\" \/>\n<script type=\"application\/ld+json\" class=\"yoast-schema-graph\">{\"@context\":\"https:\/\/schema.org\",\"@graph\":[{\"@type\":\"WebPage\",\"@id\":\"https:\/\/www.womans-secret-shop.com\/shop\/produkt\/arbeitsmaterial\/sonstige-arbeitsmaterial\/mascara-blan-shutte\/\",\"url\":\"https:\/\/www.womans-secret-shop.com\/shop\/produkt\/arbeitsmaterial\/sonstige-arbeitsmaterial\/mascara-blan-shutte\/\",\"name\":\"Mascara BLAN SHUTTE - WOMANS-SECRET-SHOP.COM\",\"isPartOf\":{\"@id\":\"https:\/\/www.womans-secret-shop.com\/shop\/#website\"},\"datePublished\":\"2019-03-17T18:27:12+00:00\",\"dateModified\":\"2024-04-30T14:11:59+00:00\",\"breadcrumb\":{\"@id\":\"https:\/\/www.womans-secret-shop.com\/shop\/produkt\/arbeitsmaterial\/sonstige-arbeitsmaterial\/mascara-blan-shutte\/#breadcrumb\"},\"inLanguage\":\"de\",\"potentialAction\":[{\"@type\":\"ReadAction\",\"target\":[\"https:\/\/www.womans-secret-shop.com\/shop\/produkt\/arbeitsmaterial\/sonstige-arbeitsmaterial\/mascara-blan-shutte\/\"]}]},{\"@type\":\"BreadcrumbList\",\"@id\":\"https:\/\/www.womans-secret-shop.com\/shop\/produkt\/arbeitsmaterial\/sonstige-arbeitsmaterial\/mascara-blan-shutte\/#breadcrumb\",\"itemListElement\":[{\"@type\":\"ListItem\",\"position\":1,\"name\":\"Startseite\",\"item\":\"https:\/\/www.womans-secret-shop.com\/shop\/\"},{\"@type\":\"ListItem\",\"position\":2,\"name\":\"ALLE PRODUKTE\",\"item\":\"https:\/\/www.womans-secret-shop.com\/shop\/alle-produkte\/\"},{\"@type\":\"ListItem\",\"position\":3,\"name\":\"Mascara BLAN SHUTTE\"}]},{\"@type\":\"WebSite\",\"@id\":\"https:\/\/www.womans-secret-shop.com\/shop\/#website\",\"url\":\"https:\/\/www.womans-secret-shop.com\/shop\/\",\"name\":\"WOMANS-SECRET-SHOP.COM\",\"description\":\"Wimpern und Zubeh\u00f6r online kaufen!\",\"potentialAction\":[{\"@type\":\"SearchAction\",\"target\":{\"@type\":\"EntryPoint\",\"urlTemplate\":\"https:\/\/www.womans-secret-shop.com\/shop\/?s={search_term_string}\"},\"query-input\":\"required name=search_term_string\"}],\"inLanguage\":\"de\"}]}<\/script>\n<!-- \/ Yoast SEO plugin. -->","yoast_head_json":{"title":"Mascara BLAN SHUTTE - WOMANS-SECRET-SHOP.COM","robots":{"index":"index","follow":"follow","max-snippet":"max-snippet:-1","max-image-preview":"max-image-preview:large","max-video-preview":"max-video-preview:-1"},"canonical":"https:\/\/www.womans-secret-shop.com\/shop\/produkt\/arbeitsmaterial\/sonstige-arbeitsmaterial\/mascara-blan-shutte\/","og_locale":"de_DE","og_type":"article","og_title":"Mascara BLAN SHUTTE - WOMANS-SECRET-SHOP.COM","og_description":"Mascara von BLAN SHUTTE BLAN SHUTTE hat eine Mascara-Linie f\u00fcr jeden Bedarf entwickelt. Ob f\u00fcr eine langen und geschwungen Look, f\u00fcr ein extremes Volumen oder dem fasergef\u00fcllten Mascara mit Microh\u00e4rchen, die beim Auftragen Faser auf den Wimpern hinterlassen. Die Mascaras sind nicht nur hochwertig verarbeitet, sondern auch ein richtiger Hingucker f\u00fcr jede elegante und stilvolle [&hellip;]","og_url":"https:\/\/www.womans-secret-shop.com\/shop\/produkt\/arbeitsmaterial\/sonstige-arbeitsmaterial\/mascara-blan-shutte\/","og_site_name":"WOMANS-SECRET-SHOP.COM","article_publisher":"https:\/\/www.facebook.com\/wsbyalicjakesik\/","article_modified_time":"2024-04-30T14:11:59+00:00","og_image":[{"width":795,"height":470,"url":"https:\/\/www.womans-secret-shop.com\/shop\/wp-content\/uploads\/2021\/09\/blan-shutte-3.jpg","type":"image\/jpeg"}],"twitter_card":"summary_large_image","twitter_misc":{"Gesch\u00e4tzte Lesezeit":"2\u00a0Minuten"},"schema":{"@context":"https:\/\/schema.org","@graph":[{"@type":"WebPage","@id":"https:\/\/www.womans-secret-shop.com\/shop\/produkt\/arbeitsmaterial\/sonstige-arbeitsmaterial\/mascara-blan-shutte\/","url":"https:\/\/www.womans-secret-shop.com\/shop\/produkt\/arbeitsmaterial\/sonstige-arbeitsmaterial\/mascara-blan-shutte\/","name":"Mascara BLAN SHUTTE - WOMANS-SECRET-SHOP.COM","isPartOf":{"@id":"https:\/\/www.womans-secret-shop.com\/shop\/#website"},"datePublished":"2019-03-17T18:27:12+00:00","dateModified":"2024-04-30T14:11:59+00:00","breadcrumb":{"@id":"https:\/\/www.womans-secret-shop.com\/shop\/produkt\/arbeitsmaterial\/sonstige-arbeitsmaterial\/mascara-blan-shutte\/#breadcrumb"},"inLanguage":"de","potentialAction":[{"@type":"ReadAction","target":["https:\/\/www.womans-secret-shop.com\/shop\/produkt\/arbeitsmaterial\/sonstige-arbeitsmaterial\/mascara-blan-shutte\/"]}]},{"@type":"BreadcrumbList","@id":"https:\/\/www.womans-secret-shop.com\/shop\/produkt\/arbeitsmaterial\/sonstige-arbeitsmaterial\/mascara-blan-shutte\/#breadcrumb","itemListElement":[{"@type":"ListItem","position":1,"name":"Startseite","item":"https:\/\/www.womans-secret-shop.com\/shop\/"},{"@type":"ListItem","position":2,"name":"ALLE PRODUKTE","item":"https:\/\/www.womans-secret-shop.com\/shop\/alle-produkte\/"},{"@type":"ListItem","position":3,"name":"Mascara BLAN SHUTTE"}]},{"@type":"WebSite","@id":"https:\/\/www.womans-secret-shop.com\/shop\/#website","url":"https:\/\/www.womans-secret-shop.com\/shop\/","name":"WOMANS-SECRET-SHOP.COM","description":"Wimpern und Zubeh\u00f6r online kaufen!","potentialAction":[{"@type":"SearchAction","target":{"@type":"EntryPoint","urlTemplate":"https:\/\/www.womans-secret-shop.com\/shop\/?s={search_term_string}"},"query-input":"required name=search_term_string"}],"inLanguage":"de"}]}},"_links":{"self":[{"href":"https:\/\/www.womans-secret-shop.com\/shop\/wp-json\/wp\/v2\/product\/5132"}],"collection":[{"href":"https:\/\/www.womans-secret-shop.com\/shop\/wp-json\/wp\/v2\/product"}],"about":[{"href":"https:\/\/www.womans-secret-shop.com\/shop\/wp-json\/wp\/v2\/types\/product"}],"replies":[{"embeddable":true,"href":"https:\/\/www.womans-secret-shop.com\/shop\/wp-json\/wp\/v2\/comments?post=5132"}],"wp:featuredmedia":[{"embeddable":true,"href":"https:\/\/www.womans-secret-shop.com\/shop\/wp-json\/wp\/v2\/media\/5136"}],"wp:attachment":[{"href":"https:\/\/www.womans-secret-shop.com\/shop\/wp-json\/wp\/v2\/media?parent=5132"}],"wp:term":[{"taxonomy":"product_cat","embeddable":true,"href":"https:\/\/www.womans-secret-shop.com\/shop\/wp-json\/wp\/v2\/product_cat?post=5132"},{"taxonomy":"product_tag","embeddable":true,"href":"https:\/\/www.womans-secret-shop.com\/shop\/wp-json\/wp\/v2\/product_tag?post=5132"}],"curies":[{"name":"wp","href":"https:\/\/api.w.org\/{rel}","templated":true}]}}