{"id":4814,"date":"2018-12-27T22:06:28","date_gmt":"2018-12-27T21:06:28","guid":{"rendered":"https:\/\/www.womans-secret-shop.com\/shop\/?post_type=product&#038;p=4814"},"modified":"2024-05-01T23:05:25","modified_gmt":"2024-05-01T21:05:25","slug":"bouquet-lily-lashes-einzelpaletten","status":"publish","type":"product","link":"https:\/\/www.womans-secret-shop.com\/shop\/produkt\/wimpern\/vorgefaecherte-wimpern\/bouquet-lily-lashes-einzelpaletten\/","title":{"rendered":"Bouquet Lily Lashes Einzelpaletten"},"content":{"rendered":"<h4>Bouquet of Lily EINZELPALETTEN<br \/>\nRussian Volumenlashes<\/h4>\n<p>Vorgef\u00e4cherte Wimpern 4D-10D<\/p>\n<p>Vorgef\u00e4cherte Volumenwimpern f\u00fcr einen perfekten Look!<\/p>\n<p>Vorteile:<br \/>\n&#8211; Gleichm\u00e4\u00dfige F\u00e4cher<br \/>\n&#8211; Kein l\u00e4stiges f\u00e4chern der Wimpern<br \/>\n&#8211; Einfachere Arbeit durch fertige F\u00e4cher<br \/>\n&#8211; Zeitersparnis<br \/>\n&#8211;\u00a0Keine Knoten durch Kleber<br \/>\n&#8211; Sie sparen Geld!<\/p>\n<p>Verf\u00fcgbar in den folgenden Ausf\u00fchrungen:<br \/>\n4D, 6D, 8D und 10D<br \/>\nJe 4, 6, 8 oder 10 Wimpern pro Methode zusammengefasst<\/p>\n<p>B Curl = mittlere Biegung<br \/>\nC Curl = starke Biegung<br \/>\nD Curl = sehr starke Biegung<\/p>\n<p>St\u00e4rke (Dicke): 0.06, 0.08<\/p>\n<p>L\u00e4ngen in jeweils 16 Reihen:<br \/>\n9mm , 11mm, 13mm, 15mm<\/p>\n","protected":false},"excerpt":{"rendered":"<p>L\u00e4ngen in jeweils 16 Reihen:<br \/>\n9mm , 11mm, 13mm, 15mm<\/p>\n","protected":false},"featured_media":4964,"comment_status":"open","ping_status":"closed","template":"","meta":[],"product_cat":[21,142,138],"product_tag":[],"yoast_head":"<!-- This site is optimized with the Yoast SEO plugin v19.10 - https:\/\/yoast.com\/wordpress\/plugins\/seo\/ -->\n<title>Bouquet Lily Lashes Einzelpaletten - WOMANS-SECRET-SHOP.COM<\/title>\n<meta name=\"robots\" content=\"index, follow, max-snippet:-1, max-image-preview:large, max-video-preview:-1\" \/>\n<link rel=\"canonical\" href=\"https:\/\/www.womans-secret-shop.com\/shop\/produkt\/wimpern\/vorgefaecherte-wimpern\/bouquet-lily-lashes-einzelpaletten\/\" \/>\n<meta property=\"og:locale\" content=\"de_DE\" \/>\n<meta property=\"og:type\" content=\"article\" \/>\n<meta property=\"og:title\" content=\"Bouquet Lily Lashes Einzelpaletten - WOMANS-SECRET-SHOP.COM\" \/>\n<meta property=\"og:description\" content=\"L\u00e4ngen in jeweils 16 Reihen: 9mm , 11mm, 13mm, 15mm\" \/>\n<meta property=\"og:url\" content=\"https:\/\/www.womans-secret-shop.com\/shop\/produkt\/wimpern\/vorgefaecherte-wimpern\/bouquet-lily-lashes-einzelpaletten\/\" \/>\n<meta property=\"og:site_name\" content=\"WOMANS-SECRET-SHOP.COM\" \/>\n<meta property=\"article:publisher\" content=\"https:\/\/www.facebook.com\/wsbyalicjakesik\/\" \/>\n<meta property=\"article:modified_time\" content=\"2024-05-01T21:05:25+00:00\" \/>\n<meta property=\"og:image\" content=\"https:\/\/www.womans-secret-shop.com\/shop\/wp-content\/uploads\/2021\/09\/bouquet_lily.jpg\" \/>\n\t<meta property=\"og:image:width\" content=\"800\" \/>\n\t<meta property=\"og:image:height\" content=\"1067\" \/>\n\t<meta property=\"og:image:type\" content=\"image\/jpeg\" \/>\n<meta name=\"twitter:card\" content=\"summary_large_image\" \/>\n<meta name=\"twitter:label1\" content=\"Gesch\u00e4tzte Lesezeit\" \/>\n\t<meta name=\"twitter:data1\" content=\"1\u00a0Minute\" \/>\n<script type=\"application\/ld+json\" class=\"yoast-schema-graph\">{\"@context\":\"https:\/\/schema.org\",\"@graph\":[{\"@type\":\"WebPage\",\"@id\":\"https:\/\/www.womans-secret-shop.com\/shop\/produkt\/wimpern\/vorgefaecherte-wimpern\/bouquet-lily-lashes-einzelpaletten\/\",\"url\":\"https:\/\/www.womans-secret-shop.com\/shop\/produkt\/wimpern\/vorgefaecherte-wimpern\/bouquet-lily-lashes-einzelpaletten\/\",\"name\":\"Bouquet Lily Lashes Einzelpaletten - WOMANS-SECRET-SHOP.COM\",\"isPartOf\":{\"@id\":\"https:\/\/www.womans-secret-shop.com\/shop\/#website\"},\"datePublished\":\"2018-12-27T21:06:28+00:00\",\"dateModified\":\"2024-05-01T21:05:25+00:00\",\"breadcrumb\":{\"@id\":\"https:\/\/www.womans-secret-shop.com\/shop\/produkt\/wimpern\/vorgefaecherte-wimpern\/bouquet-lily-lashes-einzelpaletten\/#breadcrumb\"},\"inLanguage\":\"de\",\"potentialAction\":[{\"@type\":\"ReadAction\",\"target\":[\"https:\/\/www.womans-secret-shop.com\/shop\/produkt\/wimpern\/vorgefaecherte-wimpern\/bouquet-lily-lashes-einzelpaletten\/\"]}]},{\"@type\":\"BreadcrumbList\",\"@id\":\"https:\/\/www.womans-secret-shop.com\/shop\/produkt\/wimpern\/vorgefaecherte-wimpern\/bouquet-lily-lashes-einzelpaletten\/#breadcrumb\",\"itemListElement\":[{\"@type\":\"ListItem\",\"position\":1,\"name\":\"Startseite\",\"item\":\"https:\/\/www.womans-secret-shop.com\/shop\/\"},{\"@type\":\"ListItem\",\"position\":2,\"name\":\"ALLE PRODUKTE\",\"item\":\"https:\/\/www.womans-secret-shop.com\/shop\/alle-produkte\/\"},{\"@type\":\"ListItem\",\"position\":3,\"name\":\"Bouquet Lily Lashes Einzelpaletten\"}]},{\"@type\":\"WebSite\",\"@id\":\"https:\/\/www.womans-secret-shop.com\/shop\/#website\",\"url\":\"https:\/\/www.womans-secret-shop.com\/shop\/\",\"name\":\"WOMANS-SECRET-SHOP.COM\",\"description\":\"Wimpern und Zubeh\u00f6r online kaufen!\",\"potentialAction\":[{\"@type\":\"SearchAction\",\"target\":{\"@type\":\"EntryPoint\",\"urlTemplate\":\"https:\/\/www.womans-secret-shop.com\/shop\/?s={search_term_string}\"},\"query-input\":\"required name=search_term_string\"}],\"inLanguage\":\"de\"}]}<\/script>\n<!-- \/ Yoast SEO plugin. -->","yoast_head_json":{"title":"Bouquet Lily Lashes Einzelpaletten - WOMANS-SECRET-SHOP.COM","robots":{"index":"index","follow":"follow","max-snippet":"max-snippet:-1","max-image-preview":"max-image-preview:large","max-video-preview":"max-video-preview:-1"},"canonical":"https:\/\/www.womans-secret-shop.com\/shop\/produkt\/wimpern\/vorgefaecherte-wimpern\/bouquet-lily-lashes-einzelpaletten\/","og_locale":"de_DE","og_type":"article","og_title":"Bouquet Lily Lashes Einzelpaletten - WOMANS-SECRET-SHOP.COM","og_description":"L\u00e4ngen in jeweils 16 Reihen: 9mm , 11mm, 13mm, 15mm","og_url":"https:\/\/www.womans-secret-shop.com\/shop\/produkt\/wimpern\/vorgefaecherte-wimpern\/bouquet-lily-lashes-einzelpaletten\/","og_site_name":"WOMANS-SECRET-SHOP.COM","article_publisher":"https:\/\/www.facebook.com\/wsbyalicjakesik\/","article_modified_time":"2024-05-01T21:05:25+00:00","og_image":[{"width":800,"height":1067,"url":"https:\/\/www.womans-secret-shop.com\/shop\/wp-content\/uploads\/2021\/09\/bouquet_lily.jpg","type":"image\/jpeg"}],"twitter_card":"summary_large_image","twitter_misc":{"Gesch\u00e4tzte Lesezeit":"1\u00a0Minute"},"schema":{"@context":"https:\/\/schema.org","@graph":[{"@type":"WebPage","@id":"https:\/\/www.womans-secret-shop.com\/shop\/produkt\/wimpern\/vorgefaecherte-wimpern\/bouquet-lily-lashes-einzelpaletten\/","url":"https:\/\/www.womans-secret-shop.com\/shop\/produkt\/wimpern\/vorgefaecherte-wimpern\/bouquet-lily-lashes-einzelpaletten\/","name":"Bouquet Lily Lashes Einzelpaletten - WOMANS-SECRET-SHOP.COM","isPartOf":{"@id":"https:\/\/www.womans-secret-shop.com\/shop\/#website"},"datePublished":"2018-12-27T21:06:28+00:00","dateModified":"2024-05-01T21:05:25+00:00","breadcrumb":{"@id":"https:\/\/www.womans-secret-shop.com\/shop\/produkt\/wimpern\/vorgefaecherte-wimpern\/bouquet-lily-lashes-einzelpaletten\/#breadcrumb"},"inLanguage":"de","potentialAction":[{"@type":"ReadAction","target":["https:\/\/www.womans-secret-shop.com\/shop\/produkt\/wimpern\/vorgefaecherte-wimpern\/bouquet-lily-lashes-einzelpaletten\/"]}]},{"@type":"BreadcrumbList","@id":"https:\/\/www.womans-secret-shop.com\/shop\/produkt\/wimpern\/vorgefaecherte-wimpern\/bouquet-lily-lashes-einzelpaletten\/#breadcrumb","itemListElement":[{"@type":"ListItem","position":1,"name":"Startseite","item":"https:\/\/www.womans-secret-shop.com\/shop\/"},{"@type":"ListItem","position":2,"name":"ALLE PRODUKTE","item":"https:\/\/www.womans-secret-shop.com\/shop\/alle-produkte\/"},{"@type":"ListItem","position":3,"name":"Bouquet Lily Lashes Einzelpaletten"}]},{"@type":"WebSite","@id":"https:\/\/www.womans-secret-shop.com\/shop\/#website","url":"https:\/\/www.womans-secret-shop.com\/shop\/","name":"WOMANS-SECRET-SHOP.COM","description":"Wimpern und Zubeh\u00f6r online kaufen!","potentialAction":[{"@type":"SearchAction","target":{"@type":"EntryPoint","urlTemplate":"https:\/\/www.womans-secret-shop.com\/shop\/?s={search_term_string}"},"query-input":"required name=search_term_string"}],"inLanguage":"de"}]}},"_links":{"self":[{"href":"https:\/\/www.womans-secret-shop.com\/shop\/wp-json\/wp\/v2\/product\/4814"}],"collection":[{"href":"https:\/\/www.womans-secret-shop.com\/shop\/wp-json\/wp\/v2\/product"}],"about":[{"href":"https:\/\/www.womans-secret-shop.com\/shop\/wp-json\/wp\/v2\/types\/product"}],"replies":[{"embeddable":true,"href":"https:\/\/www.womans-secret-shop.com\/shop\/wp-json\/wp\/v2\/comments?post=4814"}],"wp:featuredmedia":[{"embeddable":true,"href":"https:\/\/www.womans-secret-shop.com\/shop\/wp-json\/wp\/v2\/media\/4964"}],"wp:attachment":[{"href":"https:\/\/www.womans-secret-shop.com\/shop\/wp-json\/wp\/v2\/media?parent=4814"}],"wp:term":[{"taxonomy":"product_cat","embeddable":true,"href":"https:\/\/www.womans-secret-shop.com\/shop\/wp-json\/wp\/v2\/product_cat?post=4814"},{"taxonomy":"product_tag","embeddable":true,"href":"https:\/\/www.womans-secret-shop.com\/shop\/wp-json\/wp\/v2\/product_tag?post=4814"}],"curies":[{"name":"wp","href":"https:\/\/api.w.org\/{rel}","templated":true}]}}