{"id":4268,"date":"2018-05-29T22:28:34","date_gmt":"2018-05-29T20:28:34","guid":{"rendered":"http:\/\/www.womans-secret-shop.com\/shop\/?post_type=product&#038;p=4268"},"modified":"2024-04-30T15:48:29","modified_gmt":"2024-04-30T13:48:29","slug":"erdbeere-brush-applikator","status":"publish","type":"product","link":"https:\/\/www.womans-secret-shop.com\/shop\/produkt\/wimpernlifting\/einzelteile\/erdbeere-brush-applikator\/","title":{"rendered":"Erdbeer-Brush Applikator"},"content":{"rendered":"<p>Erdbeer-Brush Applikator &#8211; F\u00fcr ein professionelles Wimpernlifting<\/p>\n<p>Unser erdbeerf\u00f6rmiger Brush-Applikator ist ein Hilfsmittel f\u00fcr das Liften Ihrer Wimpern!<br \/>\nDurch die ausgefeilte und pr\u00e4zise Rillenstruktur sind Sie in der Lage, die Naturwimpern der Kundin gleichm\u00e4\u00dfig und eben auf dem Silikonpad zu fixieren.<br \/>\nDie Naturwimpern werden regelrecht &#8220;hochgek\u00e4mmt&#8221;.<\/p>\n<p>Sie sparen nicht nur Zeit, sondern erh\u00f6hen gleichzeitig Ihre Arbeitsgenauigkeit.<br \/>\nDer Applikator liegt durch seine Gr\u00f6\u00dfe super in der Hand und ist leicht in der Bedienung.<\/p>\n<p>Unser Erdbeer-Brush Applikator geh\u00f6rt zum <a href=\"https:\/\/www.womans-secret-shop.com\/shop\/produkt\/wimpernlifting\/amino-lifting-set\/\">Amino Lifting Set<\/a>. Kann jedoch f\u00fcr jedes Wimpernlifting Set benutzt werden.<\/p>\n<p>Menge: 1x Erdbeere &#8211; Applikator<\/p>\n","protected":false},"excerpt":{"rendered":"<p>Menge: 1x Erdbeere &#8211; Applikator<\/p>\n","protected":false},"featured_media":4269,"comment_status":"closed","ping_status":"closed","template":"","meta":[],"product_cat":[141,126,135],"product_tag":[],"yoast_head":"<!-- This site is optimized with the Yoast SEO plugin v19.10 - https:\/\/yoast.com\/wordpress\/plugins\/seo\/ -->\n<title>Erdbeer-Brush Applikator - WOMANS-SECRET-SHOP.COM<\/title>\n<meta name=\"robots\" content=\"index, follow, max-snippet:-1, max-image-preview:large, max-video-preview:-1\" \/>\n<link rel=\"canonical\" href=\"https:\/\/www.womans-secret-shop.com\/shop\/produkt\/wimpernlifting\/einzelteile\/erdbeere-brush-applikator\/\" \/>\n<meta property=\"og:locale\" content=\"de_DE\" \/>\n<meta property=\"og:type\" content=\"article\" \/>\n<meta property=\"og:title\" content=\"Erdbeer-Brush Applikator - WOMANS-SECRET-SHOP.COM\" \/>\n<meta property=\"og:description\" content=\"Menge: 1x Erdbeere - Applikator\" \/>\n<meta property=\"og:url\" content=\"https:\/\/www.womans-secret-shop.com\/shop\/produkt\/wimpernlifting\/einzelteile\/erdbeere-brush-applikator\/\" \/>\n<meta property=\"og:site_name\" content=\"WOMANS-SECRET-SHOP.COM\" \/>\n<meta property=\"article:publisher\" content=\"https:\/\/www.facebook.com\/wsbyalicjakesik\/\" \/>\n<meta property=\"article:modified_time\" content=\"2024-04-30T13:48:29+00:00\" \/>\n<meta property=\"og:image\" content=\"https:\/\/www.womans-secret-shop.com\/shop\/wp-content\/uploads\/2021\/09\/strawberry-2.jpg\" \/>\n\t<meta property=\"og:image:width\" content=\"800\" \/>\n\t<meta property=\"og:image:height\" content=\"1067\" \/>\n\t<meta property=\"og:image:type\" content=\"image\/jpeg\" \/>\n<meta name=\"twitter:card\" content=\"summary_large_image\" \/>\n<meta name=\"twitter:label1\" content=\"Gesch\u00e4tzte Lesezeit\" \/>\n\t<meta name=\"twitter:data1\" content=\"1\u00a0Minute\" \/>\n<script type=\"application\/ld+json\" class=\"yoast-schema-graph\">{\"@context\":\"https:\/\/schema.org\",\"@graph\":[{\"@type\":\"WebPage\",\"@id\":\"https:\/\/www.womans-secret-shop.com\/shop\/produkt\/wimpernlifting\/einzelteile\/erdbeere-brush-applikator\/\",\"url\":\"https:\/\/www.womans-secret-shop.com\/shop\/produkt\/wimpernlifting\/einzelteile\/erdbeere-brush-applikator\/\",\"name\":\"Erdbeer-Brush Applikator - WOMANS-SECRET-SHOP.COM\",\"isPartOf\":{\"@id\":\"https:\/\/www.womans-secret-shop.com\/shop\/#website\"},\"datePublished\":\"2018-05-29T20:28:34+00:00\",\"dateModified\":\"2024-04-30T13:48:29+00:00\",\"breadcrumb\":{\"@id\":\"https:\/\/www.womans-secret-shop.com\/shop\/produkt\/wimpernlifting\/einzelteile\/erdbeere-brush-applikator\/#breadcrumb\"},\"inLanguage\":\"de\",\"potentialAction\":[{\"@type\":\"ReadAction\",\"target\":[\"https:\/\/www.womans-secret-shop.com\/shop\/produkt\/wimpernlifting\/einzelteile\/erdbeere-brush-applikator\/\"]}]},{\"@type\":\"BreadcrumbList\",\"@id\":\"https:\/\/www.womans-secret-shop.com\/shop\/produkt\/wimpernlifting\/einzelteile\/erdbeere-brush-applikator\/#breadcrumb\",\"itemListElement\":[{\"@type\":\"ListItem\",\"position\":1,\"name\":\"Startseite\",\"item\":\"https:\/\/www.womans-secret-shop.com\/shop\/\"},{\"@type\":\"ListItem\",\"position\":2,\"name\":\"ALLE PRODUKTE\",\"item\":\"https:\/\/www.womans-secret-shop.com\/shop\/alle-produkte\/\"},{\"@type\":\"ListItem\",\"position\":3,\"name\":\"Erdbeer-Brush Applikator\"}]},{\"@type\":\"WebSite\",\"@id\":\"https:\/\/www.womans-secret-shop.com\/shop\/#website\",\"url\":\"https:\/\/www.womans-secret-shop.com\/shop\/\",\"name\":\"WOMANS-SECRET-SHOP.COM\",\"description\":\"Wimpern und Zubeh\u00f6r online kaufen!\",\"potentialAction\":[{\"@type\":\"SearchAction\",\"target\":{\"@type\":\"EntryPoint\",\"urlTemplate\":\"https:\/\/www.womans-secret-shop.com\/shop\/?s={search_term_string}\"},\"query-input\":\"required name=search_term_string\"}],\"inLanguage\":\"de\"}]}<\/script>\n<!-- \/ Yoast SEO plugin. -->","yoast_head_json":{"title":"Erdbeer-Brush Applikator - WOMANS-SECRET-SHOP.COM","robots":{"index":"index","follow":"follow","max-snippet":"max-snippet:-1","max-image-preview":"max-image-preview:large","max-video-preview":"max-video-preview:-1"},"canonical":"https:\/\/www.womans-secret-shop.com\/shop\/produkt\/wimpernlifting\/einzelteile\/erdbeere-brush-applikator\/","og_locale":"de_DE","og_type":"article","og_title":"Erdbeer-Brush Applikator - WOMANS-SECRET-SHOP.COM","og_description":"Menge: 1x Erdbeere - Applikator","og_url":"https:\/\/www.womans-secret-shop.com\/shop\/produkt\/wimpernlifting\/einzelteile\/erdbeere-brush-applikator\/","og_site_name":"WOMANS-SECRET-SHOP.COM","article_publisher":"https:\/\/www.facebook.com\/wsbyalicjakesik\/","article_modified_time":"2024-04-30T13:48:29+00:00","og_image":[{"width":800,"height":1067,"url":"https:\/\/www.womans-secret-shop.com\/shop\/wp-content\/uploads\/2021\/09\/strawberry-2.jpg","type":"image\/jpeg"}],"twitter_card":"summary_large_image","twitter_misc":{"Gesch\u00e4tzte Lesezeit":"1\u00a0Minute"},"schema":{"@context":"https:\/\/schema.org","@graph":[{"@type":"WebPage","@id":"https:\/\/www.womans-secret-shop.com\/shop\/produkt\/wimpernlifting\/einzelteile\/erdbeere-brush-applikator\/","url":"https:\/\/www.womans-secret-shop.com\/shop\/produkt\/wimpernlifting\/einzelteile\/erdbeere-brush-applikator\/","name":"Erdbeer-Brush Applikator - WOMANS-SECRET-SHOP.COM","isPartOf":{"@id":"https:\/\/www.womans-secret-shop.com\/shop\/#website"},"datePublished":"2018-05-29T20:28:34+00:00","dateModified":"2024-04-30T13:48:29+00:00","breadcrumb":{"@id":"https:\/\/www.womans-secret-shop.com\/shop\/produkt\/wimpernlifting\/einzelteile\/erdbeere-brush-applikator\/#breadcrumb"},"inLanguage":"de","potentialAction":[{"@type":"ReadAction","target":["https:\/\/www.womans-secret-shop.com\/shop\/produkt\/wimpernlifting\/einzelteile\/erdbeere-brush-applikator\/"]}]},{"@type":"BreadcrumbList","@id":"https:\/\/www.womans-secret-shop.com\/shop\/produkt\/wimpernlifting\/einzelteile\/erdbeere-brush-applikator\/#breadcrumb","itemListElement":[{"@type":"ListItem","position":1,"name":"Startseite","item":"https:\/\/www.womans-secret-shop.com\/shop\/"},{"@type":"ListItem","position":2,"name":"ALLE PRODUKTE","item":"https:\/\/www.womans-secret-shop.com\/shop\/alle-produkte\/"},{"@type":"ListItem","position":3,"name":"Erdbeer-Brush Applikator"}]},{"@type":"WebSite","@id":"https:\/\/www.womans-secret-shop.com\/shop\/#website","url":"https:\/\/www.womans-secret-shop.com\/shop\/","name":"WOMANS-SECRET-SHOP.COM","description":"Wimpern und Zubeh\u00f6r online kaufen!","potentialAction":[{"@type":"SearchAction","target":{"@type":"EntryPoint","urlTemplate":"https:\/\/www.womans-secret-shop.com\/shop\/?s={search_term_string}"},"query-input":"required name=search_term_string"}],"inLanguage":"de"}]}},"_links":{"self":[{"href":"https:\/\/www.womans-secret-shop.com\/shop\/wp-json\/wp\/v2\/product\/4268"}],"collection":[{"href":"https:\/\/www.womans-secret-shop.com\/shop\/wp-json\/wp\/v2\/product"}],"about":[{"href":"https:\/\/www.womans-secret-shop.com\/shop\/wp-json\/wp\/v2\/types\/product"}],"replies":[{"embeddable":true,"href":"https:\/\/www.womans-secret-shop.com\/shop\/wp-json\/wp\/v2\/comments?post=4268"}],"wp:featuredmedia":[{"embeddable":true,"href":"https:\/\/www.womans-secret-shop.com\/shop\/wp-json\/wp\/v2\/media\/4269"}],"wp:attachment":[{"href":"https:\/\/www.womans-secret-shop.com\/shop\/wp-json\/wp\/v2\/media?parent=4268"}],"wp:term":[{"taxonomy":"product_cat","embeddable":true,"href":"https:\/\/www.womans-secret-shop.com\/shop\/wp-json\/wp\/v2\/product_cat?post=4268"},{"taxonomy":"product_tag","embeddable":true,"href":"https:\/\/www.womans-secret-shop.com\/shop\/wp-json\/wp\/v2\/product_tag?post=4268"}],"curies":[{"name":"wp","href":"https:\/\/api.w.org\/{rel}","templated":true}]}}