{"id":4262,"date":"2018-05-29T21:37:11","date_gmt":"2018-05-29T19:37:11","guid":{"rendered":"http:\/\/www.womans-secret-shop.com\/shop\/?post_type=product&#038;p=4262"},"modified":"2024-01-22T22:03:31","modified_gmt":"2024-01-22T21:03:31","slug":"glue-remover-cream-citrus","status":"publish","type":"product","link":"https:\/\/www.womans-secret-shop.com\/shop\/produkt\/arbeitsmaterial\/fluessigkeiten\/remover\/glue-remover-cream-citrus\/","title":{"rendered":"Glue Remover Cream Citrus"},"content":{"rendered":"<p>Glue Remover Cream\u00a0Type<\/p>\n<p>Duft: Citrus<br \/>\nInhalt: 15 ml<\/p>\n<p>mit cremiger Konsistenz f\u00fcr ein angenehmes und einfaches Entfernen der k\u00fcnstlichen Wimpern, wurde neu und speziell f\u00fcr empfindliche Personen entwickelt. Er schont die nat\u00fcrlichen Wimpern und verringert das Risiko ger\u00f6teter oder brennender Augen beim Abtragen der Wimpern Extensions.<\/p>\n<p>| Weniger R\u00f6tungen<\/p>\n<p>| Schonend f\u00fcr die eigenen Wimpern<\/p>\n<p>| Kein brennen in den Augen<\/p>\n<p>Sicherheitsinformationen<\/p>\n<p>Nur f\u00fcr zertifizierte Wimpernstylistinnen gedacht.<\/p>\n","protected":false},"excerpt":{"rendered":"<p>Weniger R\u00f6tungen<\/p>\n<p>Schonend f\u00fcr die eigenen Wimpern<\/p>\n<p>Kein brennen in den Augen<\/p>\n<p>Duft:\u00a0Citrus<\/p>\n<p>Inhalt: 15 ml<\/p>\n","protected":false},"featured_media":4263,"comment_status":"open","ping_status":"closed","template":"","meta":[],"product_cat":[43],"product_tag":[],"yoast_head":"<!-- This site is optimized with the Yoast SEO plugin v19.10 - https:\/\/yoast.com\/wordpress\/plugins\/seo\/ -->\n<title>Glue Remover Cream Citrus - WOMANS-SECRET-SHOP.COM<\/title>\n<meta name=\"robots\" content=\"index, follow, max-snippet:-1, max-image-preview:large, max-video-preview:-1\" \/>\n<link rel=\"canonical\" href=\"https:\/\/www.womans-secret-shop.com\/shop\/produkt\/arbeitsmaterial\/fluessigkeiten\/remover\/glue-remover-cream-citrus\/\" \/>\n<meta property=\"og:locale\" content=\"de_DE\" \/>\n<meta property=\"og:type\" content=\"article\" \/>\n<meta property=\"og:title\" content=\"Glue Remover Cream Citrus - WOMANS-SECRET-SHOP.COM\" \/>\n<meta property=\"og:description\" content=\"Weniger R\u00f6tungen  Schonend f\u00fcr die eigenen Wimpern  Kein brennen in den Augen  Duft:\u00a0Citrus  Inhalt: 15 ml\" \/>\n<meta property=\"og:url\" content=\"https:\/\/www.womans-secret-shop.com\/shop\/produkt\/arbeitsmaterial\/fluessigkeiten\/remover\/glue-remover-cream-citrus\/\" \/>\n<meta property=\"og:site_name\" content=\"WOMANS-SECRET-SHOP.COM\" \/>\n<meta property=\"article:publisher\" content=\"https:\/\/www.facebook.com\/wsbyalicjakesik\/\" \/>\n<meta property=\"article:modified_time\" content=\"2024-01-22T21:03:31+00:00\" \/>\n<meta property=\"og:image\" content=\"https:\/\/www.womans-secret-shop.com\/shop\/wp-content\/uploads\/2021\/09\/citrus.jpg\" \/>\n\t<meta property=\"og:image:width\" content=\"800\" \/>\n\t<meta property=\"og:image:height\" content=\"764\" \/>\n\t<meta property=\"og:image:type\" content=\"image\/jpeg\" \/>\n<meta name=\"twitter:card\" content=\"summary_large_image\" \/>\n<script type=\"application\/ld+json\" class=\"yoast-schema-graph\">{\"@context\":\"https:\/\/schema.org\",\"@graph\":[{\"@type\":\"WebPage\",\"@id\":\"https:\/\/www.womans-secret-shop.com\/shop\/produkt\/arbeitsmaterial\/fluessigkeiten\/remover\/glue-remover-cream-citrus\/\",\"url\":\"https:\/\/www.womans-secret-shop.com\/shop\/produkt\/arbeitsmaterial\/fluessigkeiten\/remover\/glue-remover-cream-citrus\/\",\"name\":\"Glue Remover Cream Citrus - WOMANS-SECRET-SHOP.COM\",\"isPartOf\":{\"@id\":\"https:\/\/www.womans-secret-shop.com\/shop\/#website\"},\"datePublished\":\"2018-05-29T19:37:11+00:00\",\"dateModified\":\"2024-01-22T21:03:31+00:00\",\"breadcrumb\":{\"@id\":\"https:\/\/www.womans-secret-shop.com\/shop\/produkt\/arbeitsmaterial\/fluessigkeiten\/remover\/glue-remover-cream-citrus\/#breadcrumb\"},\"inLanguage\":\"de\",\"potentialAction\":[{\"@type\":\"ReadAction\",\"target\":[\"https:\/\/www.womans-secret-shop.com\/shop\/produkt\/arbeitsmaterial\/fluessigkeiten\/remover\/glue-remover-cream-citrus\/\"]}]},{\"@type\":\"BreadcrumbList\",\"@id\":\"https:\/\/www.womans-secret-shop.com\/shop\/produkt\/arbeitsmaterial\/fluessigkeiten\/remover\/glue-remover-cream-citrus\/#breadcrumb\",\"itemListElement\":[{\"@type\":\"ListItem\",\"position\":1,\"name\":\"Startseite\",\"item\":\"https:\/\/www.womans-secret-shop.com\/shop\/\"},{\"@type\":\"ListItem\",\"position\":2,\"name\":\"ALLE PRODUKTE\",\"item\":\"https:\/\/www.womans-secret-shop.com\/shop\/alle-produkte\/\"},{\"@type\":\"ListItem\",\"position\":3,\"name\":\"Glue Remover Cream Citrus\"}]},{\"@type\":\"WebSite\",\"@id\":\"https:\/\/www.womans-secret-shop.com\/shop\/#website\",\"url\":\"https:\/\/www.womans-secret-shop.com\/shop\/\",\"name\":\"WOMANS-SECRET-SHOP.COM\",\"description\":\"Wimpern und Zubeh\u00f6r online kaufen!\",\"potentialAction\":[{\"@type\":\"SearchAction\",\"target\":{\"@type\":\"EntryPoint\",\"urlTemplate\":\"https:\/\/www.womans-secret-shop.com\/shop\/?s={search_term_string}\"},\"query-input\":\"required name=search_term_string\"}],\"inLanguage\":\"de\"}]}<\/script>\n<!-- \/ Yoast SEO plugin. -->","yoast_head_json":{"title":"Glue Remover Cream Citrus - WOMANS-SECRET-SHOP.COM","robots":{"index":"index","follow":"follow","max-snippet":"max-snippet:-1","max-image-preview":"max-image-preview:large","max-video-preview":"max-video-preview:-1"},"canonical":"https:\/\/www.womans-secret-shop.com\/shop\/produkt\/arbeitsmaterial\/fluessigkeiten\/remover\/glue-remover-cream-citrus\/","og_locale":"de_DE","og_type":"article","og_title":"Glue Remover Cream Citrus - WOMANS-SECRET-SHOP.COM","og_description":"Weniger R\u00f6tungen  Schonend f\u00fcr die eigenen Wimpern  Kein brennen in den Augen  Duft:\u00a0Citrus  Inhalt: 15 ml","og_url":"https:\/\/www.womans-secret-shop.com\/shop\/produkt\/arbeitsmaterial\/fluessigkeiten\/remover\/glue-remover-cream-citrus\/","og_site_name":"WOMANS-SECRET-SHOP.COM","article_publisher":"https:\/\/www.facebook.com\/wsbyalicjakesik\/","article_modified_time":"2024-01-22T21:03:31+00:00","og_image":[{"width":800,"height":764,"url":"https:\/\/www.womans-secret-shop.com\/shop\/wp-content\/uploads\/2021\/09\/citrus.jpg","type":"image\/jpeg"}],"twitter_card":"summary_large_image","schema":{"@context":"https:\/\/schema.org","@graph":[{"@type":"WebPage","@id":"https:\/\/www.womans-secret-shop.com\/shop\/produkt\/arbeitsmaterial\/fluessigkeiten\/remover\/glue-remover-cream-citrus\/","url":"https:\/\/www.womans-secret-shop.com\/shop\/produkt\/arbeitsmaterial\/fluessigkeiten\/remover\/glue-remover-cream-citrus\/","name":"Glue Remover Cream Citrus - WOMANS-SECRET-SHOP.COM","isPartOf":{"@id":"https:\/\/www.womans-secret-shop.com\/shop\/#website"},"datePublished":"2018-05-29T19:37:11+00:00","dateModified":"2024-01-22T21:03:31+00:00","breadcrumb":{"@id":"https:\/\/www.womans-secret-shop.com\/shop\/produkt\/arbeitsmaterial\/fluessigkeiten\/remover\/glue-remover-cream-citrus\/#breadcrumb"},"inLanguage":"de","potentialAction":[{"@type":"ReadAction","target":["https:\/\/www.womans-secret-shop.com\/shop\/produkt\/arbeitsmaterial\/fluessigkeiten\/remover\/glue-remover-cream-citrus\/"]}]},{"@type":"BreadcrumbList","@id":"https:\/\/www.womans-secret-shop.com\/shop\/produkt\/arbeitsmaterial\/fluessigkeiten\/remover\/glue-remover-cream-citrus\/#breadcrumb","itemListElement":[{"@type":"ListItem","position":1,"name":"Startseite","item":"https:\/\/www.womans-secret-shop.com\/shop\/"},{"@type":"ListItem","position":2,"name":"ALLE PRODUKTE","item":"https:\/\/www.womans-secret-shop.com\/shop\/alle-produkte\/"},{"@type":"ListItem","position":3,"name":"Glue Remover Cream Citrus"}]},{"@type":"WebSite","@id":"https:\/\/www.womans-secret-shop.com\/shop\/#website","url":"https:\/\/www.womans-secret-shop.com\/shop\/","name":"WOMANS-SECRET-SHOP.COM","description":"Wimpern und Zubeh\u00f6r online kaufen!","potentialAction":[{"@type":"SearchAction","target":{"@type":"EntryPoint","urlTemplate":"https:\/\/www.womans-secret-shop.com\/shop\/?s={search_term_string}"},"query-input":"required name=search_term_string"}],"inLanguage":"de"}]}},"_links":{"self":[{"href":"https:\/\/www.womans-secret-shop.com\/shop\/wp-json\/wp\/v2\/product\/4262"}],"collection":[{"href":"https:\/\/www.womans-secret-shop.com\/shop\/wp-json\/wp\/v2\/product"}],"about":[{"href":"https:\/\/www.womans-secret-shop.com\/shop\/wp-json\/wp\/v2\/types\/product"}],"replies":[{"embeddable":true,"href":"https:\/\/www.womans-secret-shop.com\/shop\/wp-json\/wp\/v2\/comments?post=4262"}],"wp:featuredmedia":[{"embeddable":true,"href":"https:\/\/www.womans-secret-shop.com\/shop\/wp-json\/wp\/v2\/media\/4263"}],"wp:attachment":[{"href":"https:\/\/www.womans-secret-shop.com\/shop\/wp-json\/wp\/v2\/media?parent=4262"}],"wp:term":[{"taxonomy":"product_cat","embeddable":true,"href":"https:\/\/www.womans-secret-shop.com\/shop\/wp-json\/wp\/v2\/product_cat?post=4262"},{"taxonomy":"product_tag","embeddable":true,"href":"https:\/\/www.womans-secret-shop.com\/shop\/wp-json\/wp\/v2\/product_tag?post=4262"}],"curies":[{"name":"wp","href":"https:\/\/api.w.org\/{rel}","templated":true}]}}