{"id":3870,"date":"2018-02-24T13:29:24","date_gmt":"2018-02-24T12:29:24","guid":{"rendered":"http:\/\/www.womans-secret-shop.com\/shop\/?post_type=product&#038;p=3870"},"modified":"2022-12-13T19:01:02","modified_gmt":"2022-12-13T18:01:02","slug":"microbuersten-micro-brush-100-stueck","status":"publish","type":"product","link":"https:\/\/www.womans-secret-shop.com\/shop\/produkt\/arbeitsmaterial\/reinigungsstaebchen\/microbuersten-micro-brush-100-stueck\/","title":{"rendered":"Microb\u00fcrsten &#8211; Micro Brush Black"},"content":{"rendered":"<p>Microb\u00fcrsten &#8211; F\u00fcr die punktgenau Arbeit in der Wimpernbranche.<\/p>\n<p>Gebrauchsanweisung:<br \/>\nNehmen Sie eine Microb\u00fcrste und tragen Sie die gew\u00fcnschte Fl\u00fcssigkeit auf.<br \/>\nOb Primer, Cleanser, Speed Up Solution oder Remover &#8211; Die Microb\u00fcrste ist f\u00fcr alle Fl\u00fcssigkeiten ideal.<br \/>\nDurch die feine und fusselfreie Spitze, k\u00f6nnen Sie sehr genau arbeiten.<br \/>\nGehen Sie dann auf die gew\u00fcnschte Stelle. Durch tupfen oder feines reiben k\u00f6nnen Sie sogar kleinste Reste entfernen.<\/p>\n<p>Inhalt: 100 St\u00fcck<\/p>\n<p>Ultra 3.0mm<\/p>\n","protected":false},"excerpt":{"rendered":"<p>Inhalt: 100 St\u00fcck<\/p>\n<p>Ultra 3.0mm<\/p>\n<ul>\n<li>Feine und Fusselfreie Spitze<\/li>\n<li>Punktgenaue Arbeit m\u00f6glich<\/li>\n<li>Ideal f\u00fcr Primer, Cleanser oder Remover geeignet<\/li>\n<\/ul>\n","protected":false},"featured_media":3872,"comment_status":"closed","ping_status":"closed","template":"","meta":[],"product_cat":[86,135],"product_tag":[],"yoast_head":"<!-- This site is optimized with the Yoast SEO plugin v19.10 - https:\/\/yoast.com\/wordpress\/plugins\/seo\/ -->\n<title>Microb\u00fcrsten - Micro Brush Black - WOMANS-SECRET-SHOP.COM<\/title>\n<meta name=\"robots\" content=\"index, follow, max-snippet:-1, max-image-preview:large, max-video-preview:-1\" \/>\n<link rel=\"canonical\" href=\"https:\/\/www.womans-secret-shop.com\/shop\/produkt\/arbeitsmaterial\/reinigungsstaebchen\/microbuersten-micro-brush-100-stueck\/\" \/>\n<meta property=\"og:locale\" content=\"de_DE\" \/>\n<meta property=\"og:type\" content=\"article\" \/>\n<meta property=\"og:title\" content=\"Microb\u00fcrsten - Micro Brush Black - WOMANS-SECRET-SHOP.COM\" \/>\n<meta property=\"og:description\" content=\"Inhalt: 100 St\u00fcck  Ultra 3.0mm   Feine und Fusselfreie Spitze  Punktgenaue Arbeit m\u00f6glich  Ideal f\u00fcr Primer, Cleanser oder Remover geeignet\" \/>\n<meta property=\"og:url\" content=\"https:\/\/www.womans-secret-shop.com\/shop\/produkt\/arbeitsmaterial\/reinigungsstaebchen\/microbuersten-micro-brush-100-stueck\/\" \/>\n<meta property=\"og:site_name\" content=\"WOMANS-SECRET-SHOP.COM\" \/>\n<meta property=\"article:publisher\" content=\"https:\/\/www.facebook.com\/wsbyalicjakesik\/\" \/>\n<meta property=\"article:modified_time\" content=\"2022-12-13T18:01:02+00:00\" \/>\n<meta property=\"og:image\" content=\"https:\/\/www.womans-secret-shop.com\/shop\/wp-content\/uploads\/2021\/09\/lint-ultra.jpg\" \/>\n\t<meta property=\"og:image:width\" content=\"1707\" \/>\n\t<meta property=\"og:image:height\" content=\"2560\" \/>\n\t<meta property=\"og:image:type\" content=\"image\/jpeg\" \/>\n<meta name=\"twitter:card\" content=\"summary_large_image\" \/>\n<script type=\"application\/ld+json\" class=\"yoast-schema-graph\">{\"@context\":\"https:\/\/schema.org\",\"@graph\":[{\"@type\":\"WebPage\",\"@id\":\"https:\/\/www.womans-secret-shop.com\/shop\/produkt\/arbeitsmaterial\/reinigungsstaebchen\/microbuersten-micro-brush-100-stueck\/\",\"url\":\"https:\/\/www.womans-secret-shop.com\/shop\/produkt\/arbeitsmaterial\/reinigungsstaebchen\/microbuersten-micro-brush-100-stueck\/\",\"name\":\"Microb\u00fcrsten - Micro Brush Black - WOMANS-SECRET-SHOP.COM\",\"isPartOf\":{\"@id\":\"https:\/\/www.womans-secret-shop.com\/shop\/#website\"},\"datePublished\":\"2018-02-24T12:29:24+00:00\",\"dateModified\":\"2022-12-13T18:01:02+00:00\",\"breadcrumb\":{\"@id\":\"https:\/\/www.womans-secret-shop.com\/shop\/produkt\/arbeitsmaterial\/reinigungsstaebchen\/microbuersten-micro-brush-100-stueck\/#breadcrumb\"},\"inLanguage\":\"de\",\"potentialAction\":[{\"@type\":\"ReadAction\",\"target\":[\"https:\/\/www.womans-secret-shop.com\/shop\/produkt\/arbeitsmaterial\/reinigungsstaebchen\/microbuersten-micro-brush-100-stueck\/\"]}]},{\"@type\":\"BreadcrumbList\",\"@id\":\"https:\/\/www.womans-secret-shop.com\/shop\/produkt\/arbeitsmaterial\/reinigungsstaebchen\/microbuersten-micro-brush-100-stueck\/#breadcrumb\",\"itemListElement\":[{\"@type\":\"ListItem\",\"position\":1,\"name\":\"Startseite\",\"item\":\"https:\/\/www.womans-secret-shop.com\/shop\/\"},{\"@type\":\"ListItem\",\"position\":2,\"name\":\"ALLE PRODUKTE\",\"item\":\"https:\/\/www.womans-secret-shop.com\/shop\/alle-produkte\/\"},{\"@type\":\"ListItem\",\"position\":3,\"name\":\"Microb\u00fcrsten &#8211; Micro Brush Black\"}]},{\"@type\":\"WebSite\",\"@id\":\"https:\/\/www.womans-secret-shop.com\/shop\/#website\",\"url\":\"https:\/\/www.womans-secret-shop.com\/shop\/\",\"name\":\"WOMANS-SECRET-SHOP.COM\",\"description\":\"Wimpern und Zubeh\u00f6r online kaufen!\",\"potentialAction\":[{\"@type\":\"SearchAction\",\"target\":{\"@type\":\"EntryPoint\",\"urlTemplate\":\"https:\/\/www.womans-secret-shop.com\/shop\/?s={search_term_string}\"},\"query-input\":\"required name=search_term_string\"}],\"inLanguage\":\"de\"}]}<\/script>\n<!-- \/ Yoast SEO plugin. -->","yoast_head_json":{"title":"Microb\u00fcrsten - Micro Brush Black - WOMANS-SECRET-SHOP.COM","robots":{"index":"index","follow":"follow","max-snippet":"max-snippet:-1","max-image-preview":"max-image-preview:large","max-video-preview":"max-video-preview:-1"},"canonical":"https:\/\/www.womans-secret-shop.com\/shop\/produkt\/arbeitsmaterial\/reinigungsstaebchen\/microbuersten-micro-brush-100-stueck\/","og_locale":"de_DE","og_type":"article","og_title":"Microb\u00fcrsten - Micro Brush Black - WOMANS-SECRET-SHOP.COM","og_description":"Inhalt: 100 St\u00fcck  Ultra 3.0mm   Feine und Fusselfreie Spitze  Punktgenaue Arbeit m\u00f6glich  Ideal f\u00fcr Primer, Cleanser oder Remover geeignet","og_url":"https:\/\/www.womans-secret-shop.com\/shop\/produkt\/arbeitsmaterial\/reinigungsstaebchen\/microbuersten-micro-brush-100-stueck\/","og_site_name":"WOMANS-SECRET-SHOP.COM","article_publisher":"https:\/\/www.facebook.com\/wsbyalicjakesik\/","article_modified_time":"2022-12-13T18:01:02+00:00","og_image":[{"width":1707,"height":2560,"url":"https:\/\/www.womans-secret-shop.com\/shop\/wp-content\/uploads\/2021\/09\/lint-ultra.jpg","type":"image\/jpeg"}],"twitter_card":"summary_large_image","schema":{"@context":"https:\/\/schema.org","@graph":[{"@type":"WebPage","@id":"https:\/\/www.womans-secret-shop.com\/shop\/produkt\/arbeitsmaterial\/reinigungsstaebchen\/microbuersten-micro-brush-100-stueck\/","url":"https:\/\/www.womans-secret-shop.com\/shop\/produkt\/arbeitsmaterial\/reinigungsstaebchen\/microbuersten-micro-brush-100-stueck\/","name":"Microb\u00fcrsten - Micro Brush Black - WOMANS-SECRET-SHOP.COM","isPartOf":{"@id":"https:\/\/www.womans-secret-shop.com\/shop\/#website"},"datePublished":"2018-02-24T12:29:24+00:00","dateModified":"2022-12-13T18:01:02+00:00","breadcrumb":{"@id":"https:\/\/www.womans-secret-shop.com\/shop\/produkt\/arbeitsmaterial\/reinigungsstaebchen\/microbuersten-micro-brush-100-stueck\/#breadcrumb"},"inLanguage":"de","potentialAction":[{"@type":"ReadAction","target":["https:\/\/www.womans-secret-shop.com\/shop\/produkt\/arbeitsmaterial\/reinigungsstaebchen\/microbuersten-micro-brush-100-stueck\/"]}]},{"@type":"BreadcrumbList","@id":"https:\/\/www.womans-secret-shop.com\/shop\/produkt\/arbeitsmaterial\/reinigungsstaebchen\/microbuersten-micro-brush-100-stueck\/#breadcrumb","itemListElement":[{"@type":"ListItem","position":1,"name":"Startseite","item":"https:\/\/www.womans-secret-shop.com\/shop\/"},{"@type":"ListItem","position":2,"name":"ALLE PRODUKTE","item":"https:\/\/www.womans-secret-shop.com\/shop\/alle-produkte\/"},{"@type":"ListItem","position":3,"name":"Microb\u00fcrsten &#8211; Micro Brush Black"}]},{"@type":"WebSite","@id":"https:\/\/www.womans-secret-shop.com\/shop\/#website","url":"https:\/\/www.womans-secret-shop.com\/shop\/","name":"WOMANS-SECRET-SHOP.COM","description":"Wimpern und Zubeh\u00f6r online kaufen!","potentialAction":[{"@type":"SearchAction","target":{"@type":"EntryPoint","urlTemplate":"https:\/\/www.womans-secret-shop.com\/shop\/?s={search_term_string}"},"query-input":"required name=search_term_string"}],"inLanguage":"de"}]}},"_links":{"self":[{"href":"https:\/\/www.womans-secret-shop.com\/shop\/wp-json\/wp\/v2\/product\/3870"}],"collection":[{"href":"https:\/\/www.womans-secret-shop.com\/shop\/wp-json\/wp\/v2\/product"}],"about":[{"href":"https:\/\/www.womans-secret-shop.com\/shop\/wp-json\/wp\/v2\/types\/product"}],"replies":[{"embeddable":true,"href":"https:\/\/www.womans-secret-shop.com\/shop\/wp-json\/wp\/v2\/comments?post=3870"}],"wp:featuredmedia":[{"embeddable":true,"href":"https:\/\/www.womans-secret-shop.com\/shop\/wp-json\/wp\/v2\/media\/3872"}],"wp:attachment":[{"href":"https:\/\/www.womans-secret-shop.com\/shop\/wp-json\/wp\/v2\/media?parent=3870"}],"wp:term":[{"taxonomy":"product_cat","embeddable":true,"href":"https:\/\/www.womans-secret-shop.com\/shop\/wp-json\/wp\/v2\/product_cat?post=3870"},{"taxonomy":"product_tag","embeddable":true,"href":"https:\/\/www.womans-secret-shop.com\/shop\/wp-json\/wp\/v2\/product_tag?post=3870"}],"curies":[{"name":"wp","href":"https:\/\/api.w.org\/{rel}","templated":true}]}}