{"id":3432,"date":"2018-02-02T00:16:29","date_gmt":"2018-02-01T23:16:29","guid":{"rendered":"http:\/\/www.womans-secret-shop.com\/shop\/?post_type=product&#038;p=3432"},"modified":"2025-05-16T23:24:51","modified_gmt":"2025-05-16T21:24:51","slug":"dv-magic-black-coating","status":"publish","type":"product","link":"https:\/\/www.womans-secret-shop.com\/shop\/produkt\/wimpernpflege\/dv-magic-black-coating\/","title":{"rendered":"DV Magic Black Coating"},"content":{"rendered":"<p>Das DV Magic Black Coating wird nach der Wimpernverl\u00e4ngerung aufgetragen und sch\u00fctzt die verl\u00e4ngerten Wimpern vor Fetten, Schmutz und Besch\u00e4digungen.<\/p>\n<p>Auch f\u00fcr die Verwendung nach Wimpernlifting | Wimpernwelle gedacht, da die Wimpern befeuchtet, verl\u00e4ngert und gest\u00e4rkt werden.<br \/>\nDadurch halten Wimpernlifting | Wimpernwelle auch wesentlich l\u00e4nger als ohne Coating!<\/p>\n<p>Dieses Coating wurde speziell f\u00fcr Frauen entwickelt, die eine Wimpernverl\u00e4ngerung | Wimpernextensions oder Wimpernlifting | Wimpernwelle tragen.<\/p>\n<p>Selbstverst\u00e4ndlich auch f\u00fcr nat\u00fcrliche Wimpern geeignet!<\/p>\n<p>Zusammenfassung:<\/p>\n<ul>\n<li>F\u00fcr Wimpernverl\u00e4ngerungen | Wimpernextensions<\/li>\n<li>F\u00fcr Wimpernlifting | Wimpernwelle<\/li>\n<li>Mehr Volumen<\/li>\n<li>L\u00e4ngere Wimpern<\/li>\n<li>Mehr Feuchtigkeit<\/li>\n<li>L\u00e4ngere Haltbarkeit<\/li>\n<li>Auch f\u00fcr nat\u00fcrliche Wimpern geeignet<\/li>\n<\/ul>\n<p>Inhalt: 7 ml<\/p>\n","protected":false},"excerpt":{"rendered":"<p>Inhalt: 7 ml<\/p>\n","protected":false},"featured_media":3433,"comment_status":"closed","ping_status":"closed","template":"","meta":[],"product_cat":[92],"product_tag":[],"yoast_head":"<!-- This site is optimized with the Yoast SEO plugin v19.10 - https:\/\/yoast.com\/wordpress\/plugins\/seo\/ -->\n<title>DV Magic Black Coating - WOMANS-SECRET-SHOP.COM<\/title>\n<meta name=\"robots\" content=\"index, follow, max-snippet:-1, max-image-preview:large, max-video-preview:-1\" \/>\n<link rel=\"canonical\" href=\"https:\/\/www.womans-secret-shop.com\/shop\/produkt\/wimpernpflege\/dv-magic-black-coating\/\" \/>\n<meta property=\"og:locale\" content=\"de_DE\" \/>\n<meta property=\"og:type\" content=\"article\" \/>\n<meta property=\"og:title\" content=\"DV Magic Black Coating - WOMANS-SECRET-SHOP.COM\" \/>\n<meta property=\"og:description\" content=\"Inhalt: 7 ml\" \/>\n<meta property=\"og:url\" content=\"https:\/\/www.womans-secret-shop.com\/shop\/produkt\/wimpernpflege\/dv-magic-black-coating\/\" \/>\n<meta property=\"og:site_name\" content=\"WOMANS-SECRET-SHOP.COM\" \/>\n<meta property=\"article:publisher\" content=\"https:\/\/www.facebook.com\/wsbyalicjakesik\/\" \/>\n<meta property=\"article:modified_time\" content=\"2025-05-16T21:24:51+00:00\" \/>\n<meta property=\"og:image\" content=\"https:\/\/www.womans-secret-shop.com\/shop\/wp-content\/uploads\/2021\/09\/dv-black-coating.jpg\" \/>\n\t<meta property=\"og:image:width\" content=\"800\" \/>\n\t<meta property=\"og:image:height\" content=\"1067\" \/>\n\t<meta property=\"og:image:type\" content=\"image\/jpeg\" \/>\n<meta name=\"twitter:card\" content=\"summary_large_image\" \/>\n<meta name=\"twitter:label1\" content=\"Gesch\u00e4tzte Lesezeit\" \/>\n\t<meta name=\"twitter:data1\" content=\"1\u00a0Minute\" \/>\n<script type=\"application\/ld+json\" class=\"yoast-schema-graph\">{\"@context\":\"https:\/\/schema.org\",\"@graph\":[{\"@type\":\"WebPage\",\"@id\":\"https:\/\/www.womans-secret-shop.com\/shop\/produkt\/wimpernpflege\/dv-magic-black-coating\/\",\"url\":\"https:\/\/www.womans-secret-shop.com\/shop\/produkt\/wimpernpflege\/dv-magic-black-coating\/\",\"name\":\"DV Magic Black Coating - WOMANS-SECRET-SHOP.COM\",\"isPartOf\":{\"@id\":\"https:\/\/www.womans-secret-shop.com\/shop\/#website\"},\"datePublished\":\"2018-02-01T23:16:29+00:00\",\"dateModified\":\"2025-05-16T21:24:51+00:00\",\"breadcrumb\":{\"@id\":\"https:\/\/www.womans-secret-shop.com\/shop\/produkt\/wimpernpflege\/dv-magic-black-coating\/#breadcrumb\"},\"inLanguage\":\"de\",\"potentialAction\":[{\"@type\":\"ReadAction\",\"target\":[\"https:\/\/www.womans-secret-shop.com\/shop\/produkt\/wimpernpflege\/dv-magic-black-coating\/\"]}]},{\"@type\":\"BreadcrumbList\",\"@id\":\"https:\/\/www.womans-secret-shop.com\/shop\/produkt\/wimpernpflege\/dv-magic-black-coating\/#breadcrumb\",\"itemListElement\":[{\"@type\":\"ListItem\",\"position\":1,\"name\":\"Startseite\",\"item\":\"https:\/\/www.womans-secret-shop.com\/shop\/\"},{\"@type\":\"ListItem\",\"position\":2,\"name\":\"ALLE PRODUKTE\",\"item\":\"https:\/\/www.womans-secret-shop.com\/shop\/alle-produkte\/\"},{\"@type\":\"ListItem\",\"position\":3,\"name\":\"DV Magic Black Coating\"}]},{\"@type\":\"WebSite\",\"@id\":\"https:\/\/www.womans-secret-shop.com\/shop\/#website\",\"url\":\"https:\/\/www.womans-secret-shop.com\/shop\/\",\"name\":\"WOMANS-SECRET-SHOP.COM\",\"description\":\"Wimpern und Zubeh\u00f6r online kaufen!\",\"potentialAction\":[{\"@type\":\"SearchAction\",\"target\":{\"@type\":\"EntryPoint\",\"urlTemplate\":\"https:\/\/www.womans-secret-shop.com\/shop\/?s={search_term_string}\"},\"query-input\":\"required name=search_term_string\"}],\"inLanguage\":\"de\"}]}<\/script>\n<!-- \/ Yoast SEO plugin. -->","yoast_head_json":{"title":"DV Magic Black Coating - WOMANS-SECRET-SHOP.COM","robots":{"index":"index","follow":"follow","max-snippet":"max-snippet:-1","max-image-preview":"max-image-preview:large","max-video-preview":"max-video-preview:-1"},"canonical":"https:\/\/www.womans-secret-shop.com\/shop\/produkt\/wimpernpflege\/dv-magic-black-coating\/","og_locale":"de_DE","og_type":"article","og_title":"DV Magic Black Coating - WOMANS-SECRET-SHOP.COM","og_description":"Inhalt: 7 ml","og_url":"https:\/\/www.womans-secret-shop.com\/shop\/produkt\/wimpernpflege\/dv-magic-black-coating\/","og_site_name":"WOMANS-SECRET-SHOP.COM","article_publisher":"https:\/\/www.facebook.com\/wsbyalicjakesik\/","article_modified_time":"2025-05-16T21:24:51+00:00","og_image":[{"width":800,"height":1067,"url":"https:\/\/www.womans-secret-shop.com\/shop\/wp-content\/uploads\/2021\/09\/dv-black-coating.jpg","type":"image\/jpeg"}],"twitter_card":"summary_large_image","twitter_misc":{"Gesch\u00e4tzte Lesezeit":"1\u00a0Minute"},"schema":{"@context":"https:\/\/schema.org","@graph":[{"@type":"WebPage","@id":"https:\/\/www.womans-secret-shop.com\/shop\/produkt\/wimpernpflege\/dv-magic-black-coating\/","url":"https:\/\/www.womans-secret-shop.com\/shop\/produkt\/wimpernpflege\/dv-magic-black-coating\/","name":"DV Magic Black Coating - WOMANS-SECRET-SHOP.COM","isPartOf":{"@id":"https:\/\/www.womans-secret-shop.com\/shop\/#website"},"datePublished":"2018-02-01T23:16:29+00:00","dateModified":"2025-05-16T21:24:51+00:00","breadcrumb":{"@id":"https:\/\/www.womans-secret-shop.com\/shop\/produkt\/wimpernpflege\/dv-magic-black-coating\/#breadcrumb"},"inLanguage":"de","potentialAction":[{"@type":"ReadAction","target":["https:\/\/www.womans-secret-shop.com\/shop\/produkt\/wimpernpflege\/dv-magic-black-coating\/"]}]},{"@type":"BreadcrumbList","@id":"https:\/\/www.womans-secret-shop.com\/shop\/produkt\/wimpernpflege\/dv-magic-black-coating\/#breadcrumb","itemListElement":[{"@type":"ListItem","position":1,"name":"Startseite","item":"https:\/\/www.womans-secret-shop.com\/shop\/"},{"@type":"ListItem","position":2,"name":"ALLE PRODUKTE","item":"https:\/\/www.womans-secret-shop.com\/shop\/alle-produkte\/"},{"@type":"ListItem","position":3,"name":"DV Magic Black Coating"}]},{"@type":"WebSite","@id":"https:\/\/www.womans-secret-shop.com\/shop\/#website","url":"https:\/\/www.womans-secret-shop.com\/shop\/","name":"WOMANS-SECRET-SHOP.COM","description":"Wimpern und Zubeh\u00f6r online kaufen!","potentialAction":[{"@type":"SearchAction","target":{"@type":"EntryPoint","urlTemplate":"https:\/\/www.womans-secret-shop.com\/shop\/?s={search_term_string}"},"query-input":"required name=search_term_string"}],"inLanguage":"de"}]}},"_links":{"self":[{"href":"https:\/\/www.womans-secret-shop.com\/shop\/wp-json\/wp\/v2\/product\/3432"}],"collection":[{"href":"https:\/\/www.womans-secret-shop.com\/shop\/wp-json\/wp\/v2\/product"}],"about":[{"href":"https:\/\/www.womans-secret-shop.com\/shop\/wp-json\/wp\/v2\/types\/product"}],"replies":[{"embeddable":true,"href":"https:\/\/www.womans-secret-shop.com\/shop\/wp-json\/wp\/v2\/comments?post=3432"}],"wp:featuredmedia":[{"embeddable":true,"href":"https:\/\/www.womans-secret-shop.com\/shop\/wp-json\/wp\/v2\/media\/3433"}],"wp:attachment":[{"href":"https:\/\/www.womans-secret-shop.com\/shop\/wp-json\/wp\/v2\/media?parent=3432"}],"wp:term":[{"taxonomy":"product_cat","embeddable":true,"href":"https:\/\/www.womans-secret-shop.com\/shop\/wp-json\/wp\/v2\/product_cat?post=3432"},{"taxonomy":"product_tag","embeddable":true,"href":"https:\/\/www.womans-secret-shop.com\/shop\/wp-json\/wp\/v2\/product_tag?post=3432"}],"curies":[{"name":"wp","href":"https:\/\/api.w.org\/{rel}","templated":true}]}}