{"id":1779,"date":"2021-01-24T21:16:45","date_gmt":"2021-01-24T20:16:45","guid":{"rendered":"http:\/\/womans-secret.com\/?post_type=product&#038;p=1779"},"modified":"2024-05-01T23:27:23","modified_gmt":"2024-05-01T21:27:23","slug":"silikon-pads-s-m-l-1-paar-s","status":"publish","type":"product","link":"https:\/\/www.womans-secret-shop.com\/shop\/produkt\/wimpernlifting\/einzelteile\/silikon-pads-s-m-l-1-paar-s\/","title":{"rendered":"Silikon Pads S \/ M \/ L"},"content":{"rendered":"<p>Die sanften und weichen Silikon Pads von Woman\u2019s Secret sind ideal f\u00fcr jedes \u2013 Wimpernlifting, Lash Botox oder Wimpernlaminierung!<\/p>\n<p>Die Pads passen sich dem Auge ideal an und sind sehr angenehm in der Handhabung f\u00fcr die Kosmetikerin.<\/p>\n<p>Eine Verpackung beinhaltet 3 Paare in verschiedenen Gr\u00f6\u00dfen (Biegungen) und Farben.<\/p>\n<p>Gr\u00f6\u00dfen:\u00a0 S \/ M \/ L<\/p>\n<p>Die Silikon Pads sind f\u00fcr den mehrfachen Gebrauch geeignet.<\/p>\n<p>Das sind die orginalen Silikon Pads aus dem \u2013 Fall In The Volume \u2013 Wimpernlifting Set. Kann jedoch f\u00fcr jedes Wimpernlifting Set benutzt werden!<\/p>\n","protected":false},"excerpt":{"rendered":"<p>Die sanften und weichen Silikon Pads von Woman\u2019s Secret sind ideal f\u00fcr jedes \u2013 Wimpernlifting, Lash Botox oder Wimpernlaminierung! Die Pads passen sich dem Auge ideal an und sind sehr angenehm in der Handhabung f\u00fcr die Kosmetikerin. Eine Verpackung beinhaltet 3 Paare in verschiedenen Gr\u00f6\u00dfen (Biegungen) und Farben. Gr\u00f6\u00dfen:\u00a0 S \/ M \/ L Die [&hellip;]<\/p>\n","protected":false},"featured_media":1780,"comment_status":"open","ping_status":"closed","template":"","meta":[],"product_cat":[141,126],"product_tag":[],"yoast_head":"<!-- This site is optimized with the Yoast SEO plugin v19.10 - https:\/\/yoast.com\/wordpress\/plugins\/seo\/ -->\n<title>Silikon Pads S \/ M \/ L - WOMANS-SECRET-SHOP.COM<\/title>\n<meta name=\"robots\" content=\"index, follow, max-snippet:-1, max-image-preview:large, max-video-preview:-1\" \/>\n<link rel=\"canonical\" href=\"https:\/\/www.womans-secret-shop.com\/shop\/produkt\/wimpernlifting\/einzelteile\/silikon-pads-s-m-l-1-paar-s\/\" \/>\n<meta property=\"og:locale\" content=\"de_DE\" \/>\n<meta property=\"og:type\" content=\"article\" \/>\n<meta property=\"og:title\" content=\"Silikon Pads S \/ M \/ L - WOMANS-SECRET-SHOP.COM\" \/>\n<meta property=\"og:description\" content=\"Die sanften und weichen Silikon Pads von Woman\u2019s Secret sind ideal f\u00fcr jedes \u2013 Wimpernlifting, Lash Botox oder Wimpernlaminierung! Die Pads passen sich dem Auge ideal an und sind sehr angenehm in der Handhabung f\u00fcr die Kosmetikerin. Eine Verpackung beinhaltet 3 Paare in verschiedenen Gr\u00f6\u00dfen (Biegungen) und Farben. Gr\u00f6\u00dfen:\u00a0 S \/ M \/ L Die [&hellip;]\" \/>\n<meta property=\"og:url\" content=\"https:\/\/www.womans-secret-shop.com\/shop\/produkt\/wimpernlifting\/einzelteile\/silikon-pads-s-m-l-1-paar-s\/\" \/>\n<meta property=\"og:site_name\" content=\"WOMANS-SECRET-SHOP.COM\" \/>\n<meta property=\"article:publisher\" content=\"https:\/\/www.facebook.com\/wsbyalicjakesik\/\" \/>\n<meta property=\"article:modified_time\" content=\"2024-05-01T21:27:23+00:00\" \/>\n<meta property=\"og:image\" content=\"https:\/\/www.womans-secret-shop.com\/shop\/wp-content\/uploads\/2021\/09\/silikon-pads.jpg\" \/>\n\t<meta property=\"og:image:width\" content=\"1600\" \/>\n\t<meta property=\"og:image:height\" content=\"1535\" \/>\n\t<meta property=\"og:image:type\" content=\"image\/jpeg\" \/>\n<meta name=\"twitter:card\" content=\"summary_large_image\" \/>\n<meta name=\"twitter:label1\" content=\"Gesch\u00e4tzte Lesezeit\" \/>\n\t<meta name=\"twitter:data1\" content=\"1\u00a0Minute\" \/>\n<script type=\"application\/ld+json\" class=\"yoast-schema-graph\">{\"@context\":\"https:\/\/schema.org\",\"@graph\":[{\"@type\":\"WebPage\",\"@id\":\"https:\/\/www.womans-secret-shop.com\/shop\/produkt\/wimpernlifting\/einzelteile\/silikon-pads-s-m-l-1-paar-s\/\",\"url\":\"https:\/\/www.womans-secret-shop.com\/shop\/produkt\/wimpernlifting\/einzelteile\/silikon-pads-s-m-l-1-paar-s\/\",\"name\":\"Silikon Pads S \/ M \/ L - WOMANS-SECRET-SHOP.COM\",\"isPartOf\":{\"@id\":\"https:\/\/www.womans-secret-shop.com\/shop\/#website\"},\"datePublished\":\"2021-01-24T20:16:45+00:00\",\"dateModified\":\"2024-05-01T21:27:23+00:00\",\"breadcrumb\":{\"@id\":\"https:\/\/www.womans-secret-shop.com\/shop\/produkt\/wimpernlifting\/einzelteile\/silikon-pads-s-m-l-1-paar-s\/#breadcrumb\"},\"inLanguage\":\"de\",\"potentialAction\":[{\"@type\":\"ReadAction\",\"target\":[\"https:\/\/www.womans-secret-shop.com\/shop\/produkt\/wimpernlifting\/einzelteile\/silikon-pads-s-m-l-1-paar-s\/\"]}]},{\"@type\":\"BreadcrumbList\",\"@id\":\"https:\/\/www.womans-secret-shop.com\/shop\/produkt\/wimpernlifting\/einzelteile\/silikon-pads-s-m-l-1-paar-s\/#breadcrumb\",\"itemListElement\":[{\"@type\":\"ListItem\",\"position\":1,\"name\":\"Startseite\",\"item\":\"https:\/\/www.womans-secret-shop.com\/shop\/\"},{\"@type\":\"ListItem\",\"position\":2,\"name\":\"ALLE PRODUKTE\",\"item\":\"https:\/\/www.womans-secret-shop.com\/shop\/alle-produkte\/\"},{\"@type\":\"ListItem\",\"position\":3,\"name\":\"Silikon Pads S \/ M \/ L\"}]},{\"@type\":\"WebSite\",\"@id\":\"https:\/\/www.womans-secret-shop.com\/shop\/#website\",\"url\":\"https:\/\/www.womans-secret-shop.com\/shop\/\",\"name\":\"WOMANS-SECRET-SHOP.COM\",\"description\":\"Wimpern und Zubeh\u00f6r online kaufen!\",\"potentialAction\":[{\"@type\":\"SearchAction\",\"target\":{\"@type\":\"EntryPoint\",\"urlTemplate\":\"https:\/\/www.womans-secret-shop.com\/shop\/?s={search_term_string}\"},\"query-input\":\"required name=search_term_string\"}],\"inLanguage\":\"de\"}]}<\/script>\n<!-- \/ Yoast SEO plugin. -->","yoast_head_json":{"title":"Silikon Pads S \/ M \/ L - WOMANS-SECRET-SHOP.COM","robots":{"index":"index","follow":"follow","max-snippet":"max-snippet:-1","max-image-preview":"max-image-preview:large","max-video-preview":"max-video-preview:-1"},"canonical":"https:\/\/www.womans-secret-shop.com\/shop\/produkt\/wimpernlifting\/einzelteile\/silikon-pads-s-m-l-1-paar-s\/","og_locale":"de_DE","og_type":"article","og_title":"Silikon Pads S \/ M \/ L - WOMANS-SECRET-SHOP.COM","og_description":"Die sanften und weichen Silikon Pads von Woman\u2019s Secret sind ideal f\u00fcr jedes \u2013 Wimpernlifting, Lash Botox oder Wimpernlaminierung! Die Pads passen sich dem Auge ideal an und sind sehr angenehm in der Handhabung f\u00fcr die Kosmetikerin. Eine Verpackung beinhaltet 3 Paare in verschiedenen Gr\u00f6\u00dfen (Biegungen) und Farben. Gr\u00f6\u00dfen:\u00a0 S \/ M \/ L Die [&hellip;]","og_url":"https:\/\/www.womans-secret-shop.com\/shop\/produkt\/wimpernlifting\/einzelteile\/silikon-pads-s-m-l-1-paar-s\/","og_site_name":"WOMANS-SECRET-SHOP.COM","article_publisher":"https:\/\/www.facebook.com\/wsbyalicjakesik\/","article_modified_time":"2024-05-01T21:27:23+00:00","og_image":[{"width":1600,"height":1535,"url":"https:\/\/www.womans-secret-shop.com\/shop\/wp-content\/uploads\/2021\/09\/silikon-pads.jpg","type":"image\/jpeg"}],"twitter_card":"summary_large_image","twitter_misc":{"Gesch\u00e4tzte Lesezeit":"1\u00a0Minute"},"schema":{"@context":"https:\/\/schema.org","@graph":[{"@type":"WebPage","@id":"https:\/\/www.womans-secret-shop.com\/shop\/produkt\/wimpernlifting\/einzelteile\/silikon-pads-s-m-l-1-paar-s\/","url":"https:\/\/www.womans-secret-shop.com\/shop\/produkt\/wimpernlifting\/einzelteile\/silikon-pads-s-m-l-1-paar-s\/","name":"Silikon Pads S \/ M \/ L - WOMANS-SECRET-SHOP.COM","isPartOf":{"@id":"https:\/\/www.womans-secret-shop.com\/shop\/#website"},"datePublished":"2021-01-24T20:16:45+00:00","dateModified":"2024-05-01T21:27:23+00:00","breadcrumb":{"@id":"https:\/\/www.womans-secret-shop.com\/shop\/produkt\/wimpernlifting\/einzelteile\/silikon-pads-s-m-l-1-paar-s\/#breadcrumb"},"inLanguage":"de","potentialAction":[{"@type":"ReadAction","target":["https:\/\/www.womans-secret-shop.com\/shop\/produkt\/wimpernlifting\/einzelteile\/silikon-pads-s-m-l-1-paar-s\/"]}]},{"@type":"BreadcrumbList","@id":"https:\/\/www.womans-secret-shop.com\/shop\/produkt\/wimpernlifting\/einzelteile\/silikon-pads-s-m-l-1-paar-s\/#breadcrumb","itemListElement":[{"@type":"ListItem","position":1,"name":"Startseite","item":"https:\/\/www.womans-secret-shop.com\/shop\/"},{"@type":"ListItem","position":2,"name":"ALLE PRODUKTE","item":"https:\/\/www.womans-secret-shop.com\/shop\/alle-produkte\/"},{"@type":"ListItem","position":3,"name":"Silikon Pads S \/ M \/ L"}]},{"@type":"WebSite","@id":"https:\/\/www.womans-secret-shop.com\/shop\/#website","url":"https:\/\/www.womans-secret-shop.com\/shop\/","name":"WOMANS-SECRET-SHOP.COM","description":"Wimpern und Zubeh\u00f6r online kaufen!","potentialAction":[{"@type":"SearchAction","target":{"@type":"EntryPoint","urlTemplate":"https:\/\/www.womans-secret-shop.com\/shop\/?s={search_term_string}"},"query-input":"required name=search_term_string"}],"inLanguage":"de"}]}},"_links":{"self":[{"href":"https:\/\/www.womans-secret-shop.com\/shop\/wp-json\/wp\/v2\/product\/1779"}],"collection":[{"href":"https:\/\/www.womans-secret-shop.com\/shop\/wp-json\/wp\/v2\/product"}],"about":[{"href":"https:\/\/www.womans-secret-shop.com\/shop\/wp-json\/wp\/v2\/types\/product"}],"replies":[{"embeddable":true,"href":"https:\/\/www.womans-secret-shop.com\/shop\/wp-json\/wp\/v2\/comments?post=1779"}],"wp:featuredmedia":[{"embeddable":true,"href":"https:\/\/www.womans-secret-shop.com\/shop\/wp-json\/wp\/v2\/media\/1780"}],"wp:attachment":[{"href":"https:\/\/www.womans-secret-shop.com\/shop\/wp-json\/wp\/v2\/media?parent=1779"}],"wp:term":[{"taxonomy":"product_cat","embeddable":true,"href":"https:\/\/www.womans-secret-shop.com\/shop\/wp-json\/wp\/v2\/product_cat?post=1779"},{"taxonomy":"product_tag","embeddable":true,"href":"https:\/\/www.womans-secret-shop.com\/shop\/wp-json\/wp\/v2\/product_tag?post=1779"}],"curies":[{"name":"wp","href":"https:\/\/api.w.org\/{rel}","templated":true}]}}