{"id":1725,"date":"2017-08-18T11:55:09","date_gmt":"2017-08-18T09:55:09","guid":{"rendered":"http:\/\/womans-secret.com\/?post_type=product&#038;p=1725"},"modified":"2025-04-02T16:21:51","modified_gmt":"2025-04-02T14:21:51","slug":"wimpernlaminierung-wimpernlifting-starter-kit-fall-in-the-volume","status":"publish","type":"product","link":"https:\/\/www.womans-secret-shop.com\/shop\/produkt\/wimpernlifting\/sets\/wimpernlaminierung-wimpernlifting-starter-kit-fall-in-the-volume\/","title":{"rendered":"Wimpernlaminierung | Lash Botox  |  Fall In The Volume Set"},"content":{"rendered":"<p>Wimpernlifting | Wimpernlaminierung<\/p>\n<p>&#8211; Fall In The Volume &#8211;<\/p>\n<p>\u00a0<\/p>\n<p>Bestandteile:<\/p>\n<p>| Cream #1 | F\u00fcr geschmeidige Wimpern bis in die Spitzen \u2013 Sie sind dadurch sehr biegsam!<\/p>\n<p>| Cream #2 | Durch diese Creme entsteht das eigentliche Lifting, auch Lashbotox genannt!<\/p>\n<p>| Fixing Gel | Dieses Gel ist ein Kleber, der die nat\u00fcrlichen Wimpern an den Silikonpads befestigt.<\/p>\n<p>| Pure Essence | Erm\u00f6glicht einen langen Effekt des Wimpernliftings.<\/p>\n<p>| Keratin Boost | Beeinhaltet viele N\u00e4hrstoffe f\u00fcr das Wachstum der Wimpern.<\/p>\n<p>| Silikon Pads | Die Pads sind zum Befestigen der Wimpern am Wimpernkranz da.<\/p>\n<p>Je gr\u00f6\u00dfer die Pads desto St\u00e4rker die Biegung!<\/p>\n<p>\u00a0<\/p>\n<p>Anwendung:<\/p>\n<p>In 11 Schritten zum perfekten Look<\/p>\n<p>Schritt 1: Reinigung der Augen<br \/>\nEntfernen Sie gr\u00fcndlich Make-Up Reste mit einem Mizellen Reinigungswasser.<\/p>\n<p>Schritt 2: Bringen Sie die Wimpern in Form<br \/>\nNehmen Sie eine Wimpernb\u00fcrste und k\u00e4men Sie die Wimpern Ihrer Kundin einmal durch.<\/p>\n<p>Schritt 3: Wimpernpads anbringen<br \/>\nNehmen Sie die Pads und bestreichen Sie diese mit dem Fixing Gel. Legen Sie diese Pads nun an die Augen ran und dr\u00fccken Sie diese an.<\/p>\n<p>Schritt 4: Wimpern fixieren<br \/>\nNehmen Sie nun das Fixing Gel und streichen Sie die Wimpern \u00fcber das Pad, bis diese perfekt anliegen.<\/p>\n<p>Schritt 5: Auftragen von Cream #1<br \/>\nTragen Sie mit Hilfe eines Pinsels oder Microbrushst\u00e4bchen die\u00a0Cream\u00a0#1 auf die Wimpern auf.<br \/>\nWir empfehlen eine Einwirkzeit von 20-25 Minuten. Unserer Meinung nach erzielen Sie bei ca. 23 Minuten das beste Ergebnis.<\/p>\n<p>Schritt 6: Entfernen Sie die Cream #1<br \/>\nMit einem Reinigungsst\u00e4bchen oder Applikator entfernen Sie die Cream #1.<\/p>\n<p>Schritt 7: Auftragen von Cream #2<br \/>\nTragen Sie mit Hilfe eines Pinsels oder Microbrushst\u00e4bchen die Cream #2 auf die Wimpern auf.<br \/>\nWir empfehlen eine Einwirkzeit von 20-25 Minuten. Unserer Meinung nach erzielen Sie bei ca. 23 Minuten das beste Ergebnis.<\/p>\n<p>Schritt 8: Entfernen Sie die Cream #2<br \/>\nMit einem Reinigungsst\u00e4bchen oder Applikator entfernen Sie die Cream #2.<\/p>\n<p>Schritt 9: L\u00f6sen der Pads<br \/>\nMit einem angefeuchteten Applikator oder angefeuchteten Wattest\u00e4bchen (Q-Tipp) l\u00f6sen Sie das Silikonpad sanft vom Wimpernkranz.<\/p>\n<p>Schritt 10: Auftragen des Pure Essence<br \/>\nNach dem Abmachen der Collagenpflaster und s\u00e4ubern der Wimpern\/Haut, tragen sie das Pure Essence auf.<\/p>\n<p>Schritt 11: Nehmen Sie Vitamine<br \/>\nGerne k\u00f6nnen Sie Ihrer Kundin das Lashbotox raufmachen, um das Wachstum und die Vitalit\u00e4t der Wimpern zu steigern.<br \/>\nKeratin Booster beeinhaltet viele N\u00e4hrstoffe f\u00fcr das Wachstum der Wimpern.<\/p>\n<p>\u00a0<\/p>\n<p>Wir empfehlen dazu unseren<br \/>\n<a href=\"https:\/\/www.womans-secret-shop.com\/shop\/produkt\/wimpernpflege\/lash-botox-healing\/\">LASH HEALING<\/a> oder <a href=\"https:\/\/www.womans-secret-shop.com\/shop\/produkt\/wimpernpflege\/lash-vitalaser\/\">LASH VITALASER<\/a><\/p>\n<p>\u00a0<\/p>\n<p>Beachten Sie bitte folgende Hinweise auf der Verpackung:<\/p>\n<p>\u2013 Ausschlie\u00dflich von geschulten Kosmetikerinnen zu benutzen<\/p>\n<p>\u2013 Die Cremes und Lotionen d\u00fcrfen nicht ins Auge gelangen<\/p>\n<p>\u2013 Bei Irritationen oder offenen Wunden an den Augen nicht benutzen<\/p>\n<p>\u2013 Lagern Sie die Produkte k\u00fchl und trocken<\/p>\n<p>\u2013 Halten Sie die Produkte von Kindern fern<\/p>\n<p>\u2013 Vermeiden Sie eine direkte Sonneneinstrahlung<\/p>\n<p>\u00a0<\/p>\n<p>* Wimpernlifting reicht f\u00fcr ca. 10-15 Behandlungen<\/p>\n<p>* Wimpernlifting h\u00e4lt f\u00fcr 4-5 Wochen<\/p>\n<p>\u00a0<\/p>\n<p>\u2013 Gebrauchsanweisung auf der R\u00fcckseite der Verpackung \u2013<\/p>\n","protected":false},"excerpt":{"rendered":"<p>| Wimpernlifting<\/p>\n<p>| Wimpernlaminierung<\/p>\n<p>| Lash Botox<\/p>\n","protected":false},"featured_media":3128,"comment_status":"open","ping_status":"closed","template":"","meta":[],"product_cat":[140,126],"product_tag":[],"yoast_head":"<!-- This site is optimized with the Yoast SEO plugin v19.10 - https:\/\/yoast.com\/wordpress\/plugins\/seo\/ -->\n<title>Wimpernlaminierung | Lash Botox | Fall In The Volume Set - WOMANS-SECRET-SHOP.COM<\/title>\n<meta name=\"robots\" content=\"index, follow, max-snippet:-1, max-image-preview:large, max-video-preview:-1\" \/>\n<link rel=\"canonical\" href=\"https:\/\/www.womans-secret-shop.com\/shop\/produkt\/wimpernlifting\/sets\/wimpernlaminierung-wimpernlifting-starter-kit-fall-in-the-volume\/\" \/>\n<meta property=\"og:locale\" content=\"de_DE\" \/>\n<meta property=\"og:type\" content=\"article\" \/>\n<meta property=\"og:title\" content=\"Wimpernlaminierung | Lash Botox | Fall In The Volume Set - WOMANS-SECRET-SHOP.COM\" \/>\n<meta property=\"og:description\" content=\"| Wimpernlifting  | Wimpernlaminierung  | Lash Botox\" \/>\n<meta property=\"og:url\" content=\"https:\/\/www.womans-secret-shop.com\/shop\/produkt\/wimpernlifting\/sets\/wimpernlaminierung-wimpernlifting-starter-kit-fall-in-the-volume\/\" \/>\n<meta property=\"og:site_name\" content=\"WOMANS-SECRET-SHOP.COM\" \/>\n<meta property=\"article:publisher\" content=\"https:\/\/www.facebook.com\/wsbyalicjakesik\/\" \/>\n<meta property=\"article:modified_time\" content=\"2025-04-02T14:21:51+00:00\" \/>\n<meta property=\"og:image\" content=\"https:\/\/www.womans-secret-shop.com\/shop\/wp-content\/uploads\/2021\/09\/_1.jpg\" \/>\n\t<meta property=\"og:image:width\" content=\"400\" \/>\n\t<meta property=\"og:image:height\" content=\"400\" \/>\n\t<meta property=\"og:image:type\" content=\"image\/jpeg\" \/>\n<meta name=\"twitter:card\" content=\"summary_large_image\" \/>\n<meta name=\"twitter:label1\" content=\"Gesch\u00e4tzte Lesezeit\" \/>\n\t<meta name=\"twitter:data1\" content=\"2\u00a0Minuten\" \/>\n<script type=\"application\/ld+json\" class=\"yoast-schema-graph\">{\"@context\":\"https:\/\/schema.org\",\"@graph\":[{\"@type\":\"WebPage\",\"@id\":\"https:\/\/www.womans-secret-shop.com\/shop\/produkt\/wimpernlifting\/sets\/wimpernlaminierung-wimpernlifting-starter-kit-fall-in-the-volume\/\",\"url\":\"https:\/\/www.womans-secret-shop.com\/shop\/produkt\/wimpernlifting\/sets\/wimpernlaminierung-wimpernlifting-starter-kit-fall-in-the-volume\/\",\"name\":\"Wimpernlaminierung | Lash Botox | Fall In The Volume Set - WOMANS-SECRET-SHOP.COM\",\"isPartOf\":{\"@id\":\"https:\/\/www.womans-secret-shop.com\/shop\/#website\"},\"datePublished\":\"2017-08-18T09:55:09+00:00\",\"dateModified\":\"2025-04-02T14:21:51+00:00\",\"breadcrumb\":{\"@id\":\"https:\/\/www.womans-secret-shop.com\/shop\/produkt\/wimpernlifting\/sets\/wimpernlaminierung-wimpernlifting-starter-kit-fall-in-the-volume\/#breadcrumb\"},\"inLanguage\":\"de\",\"potentialAction\":[{\"@type\":\"ReadAction\",\"target\":[\"https:\/\/www.womans-secret-shop.com\/shop\/produkt\/wimpernlifting\/sets\/wimpernlaminierung-wimpernlifting-starter-kit-fall-in-the-volume\/\"]}]},{\"@type\":\"BreadcrumbList\",\"@id\":\"https:\/\/www.womans-secret-shop.com\/shop\/produkt\/wimpernlifting\/sets\/wimpernlaminierung-wimpernlifting-starter-kit-fall-in-the-volume\/#breadcrumb\",\"itemListElement\":[{\"@type\":\"ListItem\",\"position\":1,\"name\":\"Startseite\",\"item\":\"https:\/\/www.womans-secret-shop.com\/shop\/\"},{\"@type\":\"ListItem\",\"position\":2,\"name\":\"ALLE PRODUKTE\",\"item\":\"https:\/\/www.womans-secret-shop.com\/shop\/alle-produkte\/\"},{\"@type\":\"ListItem\",\"position\":3,\"name\":\"Wimpernlaminierung | Lash Botox | Fall In The Volume Set\"}]},{\"@type\":\"WebSite\",\"@id\":\"https:\/\/www.womans-secret-shop.com\/shop\/#website\",\"url\":\"https:\/\/www.womans-secret-shop.com\/shop\/\",\"name\":\"WOMANS-SECRET-SHOP.COM\",\"description\":\"Wimpern und Zubeh\u00f6r online kaufen!\",\"potentialAction\":[{\"@type\":\"SearchAction\",\"target\":{\"@type\":\"EntryPoint\",\"urlTemplate\":\"https:\/\/www.womans-secret-shop.com\/shop\/?s={search_term_string}\"},\"query-input\":\"required name=search_term_string\"}],\"inLanguage\":\"de\"}]}<\/script>\n<!-- \/ Yoast SEO plugin. -->","yoast_head_json":{"title":"Wimpernlaminierung | Lash Botox | Fall In The Volume Set - WOMANS-SECRET-SHOP.COM","robots":{"index":"index","follow":"follow","max-snippet":"max-snippet:-1","max-image-preview":"max-image-preview:large","max-video-preview":"max-video-preview:-1"},"canonical":"https:\/\/www.womans-secret-shop.com\/shop\/produkt\/wimpernlifting\/sets\/wimpernlaminierung-wimpernlifting-starter-kit-fall-in-the-volume\/","og_locale":"de_DE","og_type":"article","og_title":"Wimpernlaminierung | Lash Botox | Fall In The Volume Set - WOMANS-SECRET-SHOP.COM","og_description":"| Wimpernlifting  | Wimpernlaminierung  | Lash Botox","og_url":"https:\/\/www.womans-secret-shop.com\/shop\/produkt\/wimpernlifting\/sets\/wimpernlaminierung-wimpernlifting-starter-kit-fall-in-the-volume\/","og_site_name":"WOMANS-SECRET-SHOP.COM","article_publisher":"https:\/\/www.facebook.com\/wsbyalicjakesik\/","article_modified_time":"2025-04-02T14:21:51+00:00","og_image":[{"width":400,"height":400,"url":"https:\/\/www.womans-secret-shop.com\/shop\/wp-content\/uploads\/2021\/09\/_1.jpg","type":"image\/jpeg"}],"twitter_card":"summary_large_image","twitter_misc":{"Gesch\u00e4tzte Lesezeit":"2\u00a0Minuten"},"schema":{"@context":"https:\/\/schema.org","@graph":[{"@type":"WebPage","@id":"https:\/\/www.womans-secret-shop.com\/shop\/produkt\/wimpernlifting\/sets\/wimpernlaminierung-wimpernlifting-starter-kit-fall-in-the-volume\/","url":"https:\/\/www.womans-secret-shop.com\/shop\/produkt\/wimpernlifting\/sets\/wimpernlaminierung-wimpernlifting-starter-kit-fall-in-the-volume\/","name":"Wimpernlaminierung | Lash Botox | Fall In The Volume Set - WOMANS-SECRET-SHOP.COM","isPartOf":{"@id":"https:\/\/www.womans-secret-shop.com\/shop\/#website"},"datePublished":"2017-08-18T09:55:09+00:00","dateModified":"2025-04-02T14:21:51+00:00","breadcrumb":{"@id":"https:\/\/www.womans-secret-shop.com\/shop\/produkt\/wimpernlifting\/sets\/wimpernlaminierung-wimpernlifting-starter-kit-fall-in-the-volume\/#breadcrumb"},"inLanguage":"de","potentialAction":[{"@type":"ReadAction","target":["https:\/\/www.womans-secret-shop.com\/shop\/produkt\/wimpernlifting\/sets\/wimpernlaminierung-wimpernlifting-starter-kit-fall-in-the-volume\/"]}]},{"@type":"BreadcrumbList","@id":"https:\/\/www.womans-secret-shop.com\/shop\/produkt\/wimpernlifting\/sets\/wimpernlaminierung-wimpernlifting-starter-kit-fall-in-the-volume\/#breadcrumb","itemListElement":[{"@type":"ListItem","position":1,"name":"Startseite","item":"https:\/\/www.womans-secret-shop.com\/shop\/"},{"@type":"ListItem","position":2,"name":"ALLE PRODUKTE","item":"https:\/\/www.womans-secret-shop.com\/shop\/alle-produkte\/"},{"@type":"ListItem","position":3,"name":"Wimpernlaminierung | Lash Botox | Fall In The Volume Set"}]},{"@type":"WebSite","@id":"https:\/\/www.womans-secret-shop.com\/shop\/#website","url":"https:\/\/www.womans-secret-shop.com\/shop\/","name":"WOMANS-SECRET-SHOP.COM","description":"Wimpern und Zubeh\u00f6r online kaufen!","potentialAction":[{"@type":"SearchAction","target":{"@type":"EntryPoint","urlTemplate":"https:\/\/www.womans-secret-shop.com\/shop\/?s={search_term_string}"},"query-input":"required name=search_term_string"}],"inLanguage":"de"}]}},"_links":{"self":[{"href":"https:\/\/www.womans-secret-shop.com\/shop\/wp-json\/wp\/v2\/product\/1725"}],"collection":[{"href":"https:\/\/www.womans-secret-shop.com\/shop\/wp-json\/wp\/v2\/product"}],"about":[{"href":"https:\/\/www.womans-secret-shop.com\/shop\/wp-json\/wp\/v2\/types\/product"}],"replies":[{"embeddable":true,"href":"https:\/\/www.womans-secret-shop.com\/shop\/wp-json\/wp\/v2\/comments?post=1725"}],"wp:featuredmedia":[{"embeddable":true,"href":"https:\/\/www.womans-secret-shop.com\/shop\/wp-json\/wp\/v2\/media\/3128"}],"wp:attachment":[{"href":"https:\/\/www.womans-secret-shop.com\/shop\/wp-json\/wp\/v2\/media?parent=1725"}],"wp:term":[{"taxonomy":"product_cat","embeddable":true,"href":"https:\/\/www.womans-secret-shop.com\/shop\/wp-json\/wp\/v2\/product_cat?post=1725"},{"taxonomy":"product_tag","embeddable":true,"href":"https:\/\/www.womans-secret-shop.com\/shop\/wp-json\/wp\/v2\/product_tag?post=1725"}],"curies":[{"name":"wp","href":"https:\/\/api.w.org\/{rel}","templated":true}]}}