{"id":1722,"date":"2017-08-18T11:50:54","date_gmt":"2017-08-18T09:50:54","guid":{"rendered":"http:\/\/womans-secret.com\/?post_type=product&#038;p=1722"},"modified":"2024-10-03T18:58:56","modified_gmt":"2024-10-03T16:58:56","slug":"premium-lashes-cleanser-15ml","status":"publish","type":"product","link":"https:\/\/www.womans-secret-shop.com\/shop\/produkt\/arbeitsmaterial\/fluessigkeiten\/cleanser\/premium-lashes-cleanser-15ml\/","title":{"rendered":"Premium Lashes Cleanser 15ml"},"content":{"rendered":"<div id=\"ds_div\">\n<div id=\"ds_div\">\n<div id=\"ds_div\">\n<div style=\"text-align: left;\">\n<p>Premium Lashes Cleanser<\/p>\n<p>Zur sanften Reinigung der Wimpern vor der Behandlung.<\/p>\n<ul>\n<li>Der Cleanser ist frei von \u00d6len<\/li>\n<li>Er wirkt sich positiv auf\u00a0die Haltbarkeit der Wimpern aus<\/li>\n<li>Der Kleber trocknet durch den Cleanser schneller<\/li>\n<li>Die Wimpern werden von Protein-, Schmutz- und Kosmetikr\u00fcckst\u00e4nden gereinigt<\/li>\n<li>Reinigt und Entfettet<\/li>\n<li>Hautvertr\u00e4glich<\/li>\n<li>Auch f\u00fcr Refills\/Auff\u00fcllungen geeignet<\/li>\n<\/ul>\n<p>Gebrauchsanweisung:<\/p>\n<p>Nehmen Sie eine fusselfreie Mikrob\u00fcrste und tragen Sie den Cleanser d\u00fcnn auf die Wimpern auf.<br \/>\nSie k\u00f6nnen direkt mit der Applikation beginnen.\u00a0Anwendung nur am geschlossenen Auge.<\/p>\n<p>Inhaltsstoffe:<\/p>\n<p>H2O (>30%), ethyl alcohol (>30%), L-ascorbic (>0,5%), VINYLPOLYMER SALT (<10%), PEG 400 (<14,5%), ECE (<15%)\n\nInhalt: 15ml \/ 15g\n\n<\/div>\n<p>\u00a0<\/p>\n<\/div>\n<\/div>\n<\/div>\n","protected":false},"excerpt":{"rendered":"<p>Duft:\u00a0\u00a0Neutral \/ Geruchsfrei<\/p>\n<p>&#8211; \u00d6lfrei<br \/>\n&#8211; L\u00e4ngere Haltbarkeit der Wimpernverl\u00e4ngerung<br \/>\n&#8211; Schnellere Trocknung des Klebers<br \/>\n&#8211; Reinigung von Protein-, Schmutz- und Kosmetikr\u00fcckst\u00e4nden<br \/>\n&#8211; Auch f\u00fcr Refills\/Auff\u00fcllungen geeignet<\/p>\n<p>Inhalt: 15ml \/ 15g<\/p>\n","protected":false},"featured_media":3113,"comment_status":"open","ping_status":"closed","template":"","meta":[],"product_cat":[79],"product_tag":[],"yoast_head":"<!-- This site is optimized with the Yoast SEO plugin v19.10 - https:\/\/yoast.com\/wordpress\/plugins\/seo\/ -->\n<title>Premium Lashes Cleanser 15ml - WOMANS-SECRET-SHOP.COM<\/title>\n<meta name=\"robots\" content=\"index, follow, max-snippet:-1, max-image-preview:large, max-video-preview:-1\" \/>\n<link rel=\"canonical\" href=\"https:\/\/www.womans-secret-shop.com\/shop\/produkt\/arbeitsmaterial\/fluessigkeiten\/cleanser\/premium-lashes-cleanser-15ml\/\" \/>\n<meta property=\"og:locale\" content=\"de_DE\" \/>\n<meta property=\"og:type\" content=\"article\" \/>\n<meta property=\"og:title\" content=\"Premium Lashes Cleanser 15ml - WOMANS-SECRET-SHOP.COM\" \/>\n<meta property=\"og:description\" content=\"Duft:\u00a0\u00a0Neutral \/ Geruchsfrei  - \u00d6lfrei - L\u00e4ngere Haltbarkeit der Wimpernverl\u00e4ngerung - Schnellere Trocknung des Klebers - Reinigung von Protein-, Schmutz- und Kosmetikr\u00fcckst\u00e4nden - Auch f\u00fcr Refills\/Auff\u00fcllungen geeignet  Inhalt: 15ml \/ 15g\" \/>\n<meta property=\"og:url\" content=\"https:\/\/www.womans-secret-shop.com\/shop\/produkt\/arbeitsmaterial\/fluessigkeiten\/cleanser\/premium-lashes-cleanser-15ml\/\" \/>\n<meta property=\"og:site_name\" content=\"WOMANS-SECRET-SHOP.COM\" \/>\n<meta property=\"article:publisher\" content=\"https:\/\/www.facebook.com\/wsbyalicjakesik\/\" \/>\n<meta property=\"article:modified_time\" content=\"2024-10-03T16:58:56+00:00\" \/>\n<meta property=\"og:image\" content=\"https:\/\/www.womans-secret-shop.com\/shop\/wp-content\/uploads\/2021\/09\/fb21a06575462be267e3e6b110171e1b_fsq4zeluq1xhpdgdmemotzveycaw.jpg\" \/>\n\t<meta property=\"og:image:width\" content=\"800\" \/>\n\t<meta property=\"og:image:height\" content=\"1067\" \/>\n\t<meta property=\"og:image:type\" content=\"image\/jpeg\" \/>\n<meta name=\"twitter:card\" content=\"summary_large_image\" \/>\n<script type=\"application\/ld+json\" class=\"yoast-schema-graph\">{\"@context\":\"https:\/\/schema.org\",\"@graph\":[{\"@type\":\"WebPage\",\"@id\":\"https:\/\/www.womans-secret-shop.com\/shop\/produkt\/arbeitsmaterial\/fluessigkeiten\/cleanser\/premium-lashes-cleanser-15ml\/\",\"url\":\"https:\/\/www.womans-secret-shop.com\/shop\/produkt\/arbeitsmaterial\/fluessigkeiten\/cleanser\/premium-lashes-cleanser-15ml\/\",\"name\":\"Premium Lashes Cleanser 15ml - WOMANS-SECRET-SHOP.COM\",\"isPartOf\":{\"@id\":\"https:\/\/www.womans-secret-shop.com\/shop\/#website\"},\"datePublished\":\"2017-08-18T09:50:54+00:00\",\"dateModified\":\"2024-10-03T16:58:56+00:00\",\"breadcrumb\":{\"@id\":\"https:\/\/www.womans-secret-shop.com\/shop\/produkt\/arbeitsmaterial\/fluessigkeiten\/cleanser\/premium-lashes-cleanser-15ml\/#breadcrumb\"},\"inLanguage\":\"de\",\"potentialAction\":[{\"@type\":\"ReadAction\",\"target\":[\"https:\/\/www.womans-secret-shop.com\/shop\/produkt\/arbeitsmaterial\/fluessigkeiten\/cleanser\/premium-lashes-cleanser-15ml\/\"]}]},{\"@type\":\"BreadcrumbList\",\"@id\":\"https:\/\/www.womans-secret-shop.com\/shop\/produkt\/arbeitsmaterial\/fluessigkeiten\/cleanser\/premium-lashes-cleanser-15ml\/#breadcrumb\",\"itemListElement\":[{\"@type\":\"ListItem\",\"position\":1,\"name\":\"Startseite\",\"item\":\"https:\/\/www.womans-secret-shop.com\/shop\/\"},{\"@type\":\"ListItem\",\"position\":2,\"name\":\"ALLE PRODUKTE\",\"item\":\"https:\/\/www.womans-secret-shop.com\/shop\/alle-produkte\/\"},{\"@type\":\"ListItem\",\"position\":3,\"name\":\"Premium Lashes Cleanser 15ml\"}]},{\"@type\":\"WebSite\",\"@id\":\"https:\/\/www.womans-secret-shop.com\/shop\/#website\",\"url\":\"https:\/\/www.womans-secret-shop.com\/shop\/\",\"name\":\"WOMANS-SECRET-SHOP.COM\",\"description\":\"Wimpern und Zubeh\u00f6r online kaufen!\",\"potentialAction\":[{\"@type\":\"SearchAction\",\"target\":{\"@type\":\"EntryPoint\",\"urlTemplate\":\"https:\/\/www.womans-secret-shop.com\/shop\/?s={search_term_string}\"},\"query-input\":\"required name=search_term_string\"}],\"inLanguage\":\"de\"}]}<\/script>\n<!-- \/ Yoast SEO plugin. -->","yoast_head_json":{"title":"Premium Lashes Cleanser 15ml - WOMANS-SECRET-SHOP.COM","robots":{"index":"index","follow":"follow","max-snippet":"max-snippet:-1","max-image-preview":"max-image-preview:large","max-video-preview":"max-video-preview:-1"},"canonical":"https:\/\/www.womans-secret-shop.com\/shop\/produkt\/arbeitsmaterial\/fluessigkeiten\/cleanser\/premium-lashes-cleanser-15ml\/","og_locale":"de_DE","og_type":"article","og_title":"Premium Lashes Cleanser 15ml - WOMANS-SECRET-SHOP.COM","og_description":"Duft:\u00a0\u00a0Neutral \/ Geruchsfrei  - \u00d6lfrei - L\u00e4ngere Haltbarkeit der Wimpernverl\u00e4ngerung - Schnellere Trocknung des Klebers - Reinigung von Protein-, Schmutz- und Kosmetikr\u00fcckst\u00e4nden - Auch f\u00fcr Refills\/Auff\u00fcllungen geeignet  Inhalt: 15ml \/ 15g","og_url":"https:\/\/www.womans-secret-shop.com\/shop\/produkt\/arbeitsmaterial\/fluessigkeiten\/cleanser\/premium-lashes-cleanser-15ml\/","og_site_name":"WOMANS-SECRET-SHOP.COM","article_publisher":"https:\/\/www.facebook.com\/wsbyalicjakesik\/","article_modified_time":"2024-10-03T16:58:56+00:00","og_image":[{"width":800,"height":1067,"url":"https:\/\/www.womans-secret-shop.com\/shop\/wp-content\/uploads\/2021\/09\/fb21a06575462be267e3e6b110171e1b_fsq4zeluq1xhpdgdmemotzveycaw.jpg","type":"image\/jpeg"}],"twitter_card":"summary_large_image","schema":{"@context":"https:\/\/schema.org","@graph":[{"@type":"WebPage","@id":"https:\/\/www.womans-secret-shop.com\/shop\/produkt\/arbeitsmaterial\/fluessigkeiten\/cleanser\/premium-lashes-cleanser-15ml\/","url":"https:\/\/www.womans-secret-shop.com\/shop\/produkt\/arbeitsmaterial\/fluessigkeiten\/cleanser\/premium-lashes-cleanser-15ml\/","name":"Premium Lashes Cleanser 15ml - WOMANS-SECRET-SHOP.COM","isPartOf":{"@id":"https:\/\/www.womans-secret-shop.com\/shop\/#website"},"datePublished":"2017-08-18T09:50:54+00:00","dateModified":"2024-10-03T16:58:56+00:00","breadcrumb":{"@id":"https:\/\/www.womans-secret-shop.com\/shop\/produkt\/arbeitsmaterial\/fluessigkeiten\/cleanser\/premium-lashes-cleanser-15ml\/#breadcrumb"},"inLanguage":"de","potentialAction":[{"@type":"ReadAction","target":["https:\/\/www.womans-secret-shop.com\/shop\/produkt\/arbeitsmaterial\/fluessigkeiten\/cleanser\/premium-lashes-cleanser-15ml\/"]}]},{"@type":"BreadcrumbList","@id":"https:\/\/www.womans-secret-shop.com\/shop\/produkt\/arbeitsmaterial\/fluessigkeiten\/cleanser\/premium-lashes-cleanser-15ml\/#breadcrumb","itemListElement":[{"@type":"ListItem","position":1,"name":"Startseite","item":"https:\/\/www.womans-secret-shop.com\/shop\/"},{"@type":"ListItem","position":2,"name":"ALLE PRODUKTE","item":"https:\/\/www.womans-secret-shop.com\/shop\/alle-produkte\/"},{"@type":"ListItem","position":3,"name":"Premium Lashes Cleanser 15ml"}]},{"@type":"WebSite","@id":"https:\/\/www.womans-secret-shop.com\/shop\/#website","url":"https:\/\/www.womans-secret-shop.com\/shop\/","name":"WOMANS-SECRET-SHOP.COM","description":"Wimpern und Zubeh\u00f6r online kaufen!","potentialAction":[{"@type":"SearchAction","target":{"@type":"EntryPoint","urlTemplate":"https:\/\/www.womans-secret-shop.com\/shop\/?s={search_term_string}"},"query-input":"required name=search_term_string"}],"inLanguage":"de"}]}},"_links":{"self":[{"href":"https:\/\/www.womans-secret-shop.com\/shop\/wp-json\/wp\/v2\/product\/1722"}],"collection":[{"href":"https:\/\/www.womans-secret-shop.com\/shop\/wp-json\/wp\/v2\/product"}],"about":[{"href":"https:\/\/www.womans-secret-shop.com\/shop\/wp-json\/wp\/v2\/types\/product"}],"replies":[{"embeddable":true,"href":"https:\/\/www.womans-secret-shop.com\/shop\/wp-json\/wp\/v2\/comments?post=1722"}],"wp:featuredmedia":[{"embeddable":true,"href":"https:\/\/www.womans-secret-shop.com\/shop\/wp-json\/wp\/v2\/media\/3113"}],"wp:attachment":[{"href":"https:\/\/www.womans-secret-shop.com\/shop\/wp-json\/wp\/v2\/media?parent=1722"}],"wp:term":[{"taxonomy":"product_cat","embeddable":true,"href":"https:\/\/www.womans-secret-shop.com\/shop\/wp-json\/wp\/v2\/product_cat?post=1722"},{"taxonomy":"product_tag","embeddable":true,"href":"https:\/\/www.womans-secret-shop.com\/shop\/wp-json\/wp\/v2\/product_tag?post=1722"}],"curies":[{"name":"wp","href":"https:\/\/api.w.org\/{rel}","templated":true}]}}